{"id":22389,"date":"2020-11-19T12:52:59","date_gmt":"2020-11-19T10:52:59","guid":{"rendered":"https:\/\/kaevandusmuuseum.veebispetsid.com\/koolidele\/polevkivi-kaevandamine\/"},"modified":"2020-12-21T20:49:51","modified_gmt":"2020-12-21T18:49:51","slug":"polevkivi-kaevandamine","status":"publish","type":"page","link":"https:\/\/kaevandusmuuseum.ee\/ru\/dlja-skol\/polevkivi-kaevandamine\/","title":{"rendered":"P\u00f5levkivi kaevandamine"},"content":{"rendered":"<div class=\"fusion-fullwidth fullwidth-box fusion-builder-row-1 fusion-flex-container nonhundred-percent-fullwidth non-hundred-percent-height-scrolling\" style=\"--awb-border-radius-top-left:0px;--awb-border-radius-top-right:0px;--awb-border-radius-bottom-right:0px;--awb-border-radius-bottom-left:0px;--awb-flex-wrap:wrap;\" ><div class=\"fusion-builder-row fusion-row fusion-flex-align-items-flex-start fusion-flex-content-wrap\" style=\"max-width:1144px;margin-left: calc(-4% \/ 2 );margin-right: calc(-4% \/ 2 );\"><div class=\"fusion-layout-column fusion_builder_column fusion-builder-column-0 fusion_builder_column_1_1 1_1 fusion-flex-column\" style=\"--awb-bg-size:cover;--awb-width-large:100%;--awb-margin-top-large:0px;--awb-spacing-right-large:1.92%;--awb-margin-bottom-large:20px;--awb-spacing-left-large:1.92%;--awb-width-medium:100%;--awb-order-medium:0;--awb-spacing-right-medium:1.92%;--awb-spacing-left-medium:1.92%;--awb-width-small:100%;--awb-order-small:0;--awb-spacing-right-small:1.92%;--awb-spacing-left-small:1.92%;\"><div class=\"fusion-column-wrapper fusion-column-has-shadow fusion-flex-justify-content-flex-start fusion-content-layout-column\"><div class=\"fusion-title title fusion-title-1 fusion-sep-none fusion-title-text fusion-title-size-one\" style=\"--awb-margin-top-small:0px;--awb-margin-right-small:0px;--awb-margin-bottom-small:10px;--awb-margin-left-small:0px;\"><h1 class=\"fusion-title-heading title-heading-left\" style=\"margin:0;\">\u041f\u043e\u043b\u043d\u0430\u044f \u043f\u0440\u043e\u0433\u0440\u0430\u043c\u043c\u0430 \u0434\u043e\u0431\u044b\u0447\u0438 \u0441\u043b\u0430\u043d\u0446\u0430<\/h1><\/div><div class=\"fusion-title title fusion-title-2 fusion-sep-none fusion-title-text fusion-title-size-five\" style=\"--awb-text-color:#8dd635;--awb-margin-top-small:0px;--awb-margin-right-small:0px;--awb-margin-bottom-small:10px;--awb-margin-left-small:0px;\"><h5 class=\"fusion-title-heading title-heading-left\" style=\"margin:0;\">Eesti Kaevandusmuuseumi keskkonnahariduslikud ja s\u00e4\u00e4stvat arengut toetava hariduse \u00f5ppeprogramm.<\/h5><\/div><div class=\"fusion-text fusion-text-1\"><p>\u0426\u0435\u043b\u0435\u0432\u0430\u044f \u0433\u0440\u0443\u043f\u043f\u0430: <strong>3 \u0441\u0442\u0443\u043f\u0435\u043d\u044c \u043e\u0441\u043d\u043e\u0432\u043d\u043e\u0439 \u0448\u043a\u043e\u043b\u044b, \u0433\u0438\u043c\u043d\u0430\u0437\u0438\u044f<\/strong> <\/p>\n<p><strong>\u0414\u043b\u0438\u0442\u0435\u043b\u044c\u043d\u043e\u0441\u0442\u044c<\/strong>: 5 \u2013 5,5 \u0447\u0430\u0441\u043e\u0432<\/p>\n<p>\u0412 \u0440\u0430\u043c\u043a\u0430\u0445 \u0434\u0430\u043d\u043d\u043e\u0439 \u043f\u0440\u043e\u0433\u0440\u0430\u043c\u043c\u044b \u0434\u0430\u0435\u0442\u0441\u044f \u043f\u043e\u043b\u043d\u044b\u0439 \u043e\u0431\u0437\u043e\u0440 \u0434\u043e\u0431\u044b\u0447\u0438 \u0441\u043b\u0430\u043d\u0446\u0430 \u043a\u0430\u043a \u0432 \u043f\u043e\u0434\u0437\u0435\u043c\u043d\u043e\u0439 \u0448\u0430\u0445\u0442\u0435, \u0442\u0430\u043a \u0438 \u0432 \u043a\u0430\u0440\u044c\u0435\u0440\u0435, \u0430 \u0442\u0430\u043a\u0436\u0435 \u0432\u043b\u0438\u044f\u043d\u0438\u044f \u044d\u0442\u043e\u0439 \u0434\u0435\u044f\u0442\u0435\u043b\u044c\u043d\u043e\u0441\u0442\u0438 \u043d\u0430 \u043e\u043a\u0440\u0443\u0436\u0430\u044e\u0449\u0443\u044e \u0441\u0440\u0435\u0434\u0443. \u0422\u0430\u043a\u0436\u0435 \u043f\u0440\u043e\u0433\u0440\u0430\u043c\u043c\u0430 \u0437\u0430\u0442\u0440\u0430\u0433\u0438\u0432\u0430\u0435\u0442 \u0435\u0436\u0435\u0434\u043d\u0435\u0432\u043d\u043e\u0435 \u043f\u043e\u0442\u0440\u0435\u0431\u043b\u0435\u043d\u0438\u0435 \u044d\u043b\u0435\u043a\u0442\u0440\u043e\u044d\u043d\u0435\u0440\u0433\u0438\u0438 \u0447\u0435\u043b\u043e\u0432\u0435\u043a\u043e\u043c \u0438 \u0432\u043b\u0438\u044f\u043d\u0438\u0435 \u044d\u0442\u043e\u0433\u043e \u043d\u0430 \u043e\u043a\u0440\u0443\u0436\u0430\u044e\u0449\u0443\u044e \u0441\u0440\u0435\u0434\u0443. \u0423\u0447\u0435\u0431\u043d\u0430\u044f \u043f\u0440\u043e\u0433\u0440\u0430\u043c\u043c\u0430 \u0441\u043e\u0441\u0442\u043e\u0438\u0442 \u0438\u0437 \u0447\u0435\u0442\u044b\u0440\u0435\u0445 \u043e\u0441\u043d\u043e\u0432\u043d\u044b\u0445 \u0447\u0430\u0441\u0442\u0435\u0439. \u0412 \u043f\u0440\u043e\u0433\u0440\u0430\u043c\u043c\u0435 \u043f\u0440\u0435\u0434\u0443\u0441\u043c\u043e\u0442\u0440\u0435\u043d\u0430 20-\u043c\u0438\u043d\u0443\u0442\u043d\u0430\u044f \u043f\u0430\u0443\u0437\u0430 \u043d\u0430 \u043e\u0431\u0435\u0434, \u043a\u043e\u0442\u043e\u0440\u044b\u0439 \u043d\u0443\u0436\u043d\u043e \u0437\u0430\u043a\u0430\u0437\u044b\u0432\u0430\u0442\u044c \u043e\u0442\u0434\u0435\u043b\u044c\u043d\u043e \u0438\u043b\u0438 \u0432\u0437\u044f\u0442\u044c \u0441 \u0441\u043e\u0431\u043e\u0439. <\/p>\n<\/div><div class=\"fusion-title title fusion-title-3 fusion-sep-none fusion-title-text fusion-title-size-five\" style=\"--awb-margin-top-small:0px;--awb-margin-right-small:0px;--awb-margin-bottom-small:10px;--awb-margin-left-small:0px;\"><h5 class=\"fusion-title-heading title-heading-left\" style=\"margin:0;\">\u0417\u0430\u043d\u044f\u0442\u0438\u044f:<\/h5><\/div><ul style=\"--awb-line-height:28.9px;--awb-icon-width:28.9px;--awb-icon-height:28.9px;--awb-icon-margin:11.9px;--awb-content-margin:40.8px;\" class=\"fusion-checklist fusion-checklist-1 fusion-checklist-default type-icons\"><li class=\"fusion-li-item\" style=\"\"><span class=\"icon-wrapper circle-no\"><i class=\"fusion-li-icon fa-check fas\" aria-hidden=\"true\"><\/i><\/span><div class=\"fusion-li-item-content\">\n<p><strong>\u0423\u0447\u0435\u0431\u043d\u044b\u0439 \u043f\u043e\u0445\u043e\u0434 \u0432 \u043f\u043e\u0434\u0437\u0435\u043c\u043d\u0443\u044e \u0447\u0430\u0441\u0442\u044c \u043c\u0443\u0437\u0435\u044f.<\/strong> \u0417\u043d\u0430\u043a\u043e\u043c\u0441\u0442\u0432\u043e \u0441 \u043f\u043e\u0434\u0437\u0435\u043c\u043d\u043e\u0439 \u0434\u043e\u0431\u044b\u0447\u0435\u0439 \u0441\u043b\u0430\u043d\u0446\u0430. \u0418\u0441\u0441\u043b\u0435\u0434\u043e\u0432\u0430\u043d\u0438\u0435 \u0440\u0430\u0437\u043d\u044b\u0445 \u0441\u043b\u043e\u0435\u0432 \u0441\u043b\u0430\u043d\u0446\u0430, \u0432\u043e\u0434\u043e\u043e\u0442\u0432\u043e\u0434\u0430, \u0433\u043e\u0440\u043d\u043e\u0439 \u0442\u0435\u0445\u043d\u0438\u043a\u0438 \u0438 \u043c\u043d\u043e\u0433\u043e\u0433\u043e \u0434\u0440\u0443\u0433\u043e\u0433\u043e. <\/p>\n<\/div><\/li><li class=\"fusion-li-item\" style=\"\"><span class=\"icon-wrapper circle-no\"><i class=\"fusion-li-icon fa-check fas\" aria-hidden=\"true\"><\/i><\/span><div class=\"fusion-li-item-content\">\n<p><strong>\u0423\u0447\u0435\u0431\u043d\u044b\u0439 \u043f\u043e\u0445\u043e\u0434 \u043d\u0430 \u0442\u0435\u0440\u0440\u0438\u0442\u043e\u0440\u0438\u0438 \u0448\u0430\u0445\u0442\u044b-\u043c\u0443\u0437\u0435\u044f.<\/strong> \u0412 \u0445\u043e\u0434\u0435 \u0443\u0432\u043b\u0435\u043a\u0430\u0442\u0435\u043b\u044c\u043d\u043e\u0439 \u0438\u0433\u0440\u044b \u043d\u0430 \u043e\u0440\u0438\u0435\u043d\u0442\u0438\u0440\u043e\u0432\u0430\u043d\u0438\u0435 \u0438\u0434\u0435\u0442 \u0437\u043d\u0430\u043a\u043e\u043c\u0441\u0442\u0432\u043e \u0441 \u0440\u0430\u0437\u043d\u044b\u043c\u0438 \u0444\u0440\u0430\u043a\u0446\u0438\u044f\u043c\u0438 \u0441\u043b\u0430\u043d\u0446\u0430, \u043f\u043e\u0431\u043e\u0447\u043d\u044b\u043c\u0438 \u043f\u0440\u043e\u0434\u0443\u043a\u0442\u0430\u043c\u0438 \u0434\u043e\u0431\u044b\u0447\u0438, \u0430 \u0442\u0430\u043a\u0436\u0435 \u0440\u0430\u0441\u0441\u043a\u0430\u0437\u044b\u0432\u0430\u0435\u0442\u0441\u044f \u043e \u0441\u0432\u044f\u0437\u0430\u043d\u043d\u044b\u0445 \u0441 \u0434\u043e\u0431\u044b\u0447\u0435\u0439 \u0441\u043b\u0430\u043d\u0446\u0430 \u0440\u0430\u0431\u043e\u0442\u0430\u043c\u0438 \u043d\u0430 \u043f\u043e\u0432\u0435\u0440\u0445\u043d\u043e\u0441\u0442\u0438 <\/p>\n<\/div><\/li><\/ul><\/div><\/div><div class=\"fusion-layout-column fusion_builder_column fusion-builder-column-1 fusion_builder_column_1_1 1_1 fusion-flex-column\" style=\"--awb-padding-top:10px;--awb-bg-size:cover;--awb-width-large:100%;--awb-margin-top-large:0px;--awb-spacing-right-large:1.92%;--awb-margin-bottom-large:20px;--awb-spacing-left-large:1.92%;--awb-width-medium:100%;--awb-order-medium:0;--awb-spacing-right-medium:1.92%;--awb-spacing-left-medium:1.92%;--awb-width-small:100%;--awb-order-small:0;--awb-spacing-right-small:1.92%;--awb-spacing-left-small:1.92%;\"><div class=\"fusion-column-wrapper fusion-column-has-shadow fusion-flex-justify-content-flex-start fusion-content-layout-column\"><div class=\"fusion-title title fusion-title-4 fusion-sep-none fusion-title-text fusion-title-size-six\" style=\"--awb-margin-top-small:0px;--awb-margin-right-small:0px;--awb-margin-bottom-small:10px;--awb-margin-left-small:0px;--awb-font-size:17px;\"><h6 class=\"fusion-title-heading title-heading-left\" style=\"margin:0;font-size:1em;\"><\/h6><\/div><ul style=\"--awb-line-height:28.9px;--awb-icon-width:28.9px;--awb-icon-height:28.9px;--awb-icon-margin:11.9px;--awb-content-margin:40.8px;\" class=\"fusion-checklist fusion-checklist-2 fusion-checklist-default type-icons\"><li class=\"fusion-li-item\" style=\"\"><span class=\"icon-wrapper circle-no\"><i class=\"fusion-li-icon fa-check fas\" aria-hidden=\"true\"><\/i><\/span><div class=\"fusion-li-item-content\">\n<p>\u041e\u0441\u043c\u043e\u0442\u0440 \u0440\u0435\u043a\u0443\u043b\u044c\u0442\u0438\u0432\u0438\u0440\u043e\u0432\u0430\u043d\u043d\u043e\u0433\u043e \u043b\u0435\u0441\u0430 \u043d\u0430 \u043e\u0442\u0432\u0430\u043b\u0435<\/p>\n<\/div><\/li><li class=\"fusion-li-item\" style=\"\"><span class=\"icon-wrapper circle-no\"><i class=\"fusion-li-icon fa-check fas\" aria-hidden=\"true\"><\/i><\/span><div class=\"fusion-li-item-content\">\n<p>\u0418\u0437\u043c\u0435\u0440\u0435\u043d\u0438\u0435 \u0441\u0432\u043e\u0439\u0441\u0442\u0432 \u0448\u0430\u0445\u0442\u043d\u044b\u0445 \u0432\u043e\u0434: \u0442\u0435\u043c\u043f\u0435\u0440\u0430\u0442\u0443\u0440\u0430, pH, \u043f\u0440\u043e\u0437\u0440\u0430\u0447\u043d\u043e\u0441\u0442\u044c, \u0433\u043b\u0443\u0431\u0438\u043d\u0430<\/p>\n<\/div><\/li><li class=\"fusion-li-item\" style=\"\"><span class=\"icon-wrapper circle-no\"><i class=\"fusion-li-icon fa-check fas\" aria-hidden=\"true\"><\/i><\/span><div class=\"fusion-li-item-content\">\u041e\u0441\u043c\u043e\u0442\u0440 \u0437\u043e\u043e\u0431\u0435\u043d\u0442\u043e\u0441\u0430 \u0432 \u0448\u0430\u0445\u0442\u043d\u044b\u0445 \u0432\u043e\u0434\u0430\u0445<\/div><\/li><li class=\"fusion-li-item\" style=\"\"><span class=\"icon-wrapper circle-no\"><i class=\"fusion-li-icon fa-check fas\" aria-hidden=\"true\"><\/i><\/span><div class=\"fusion-li-item-content\">\n<p>\u0420\u0430\u0441\u0447\u0435\u0442 \u043f\u043b\u043e\u0442\u043d\u043e\u0441\u0442\u0438 \u0441\u043b\u0430\u043d\u0446\u0430 \u0438 \u043f\u043b\u0438\u0442\u043d\u044f\u043a\u0430<\/p>\n<\/div><\/li><\/ul><\/div><\/div><div class=\"fusion-layout-column fusion_builder_column fusion-builder-column-2 fusion_builder_column_1_1 1_1 fusion-flex-column\" style=\"--awb-padding-top:10px;--awb-bg-size:cover;--awb-width-large:100%;--awb-margin-top-large:0px;--awb-spacing-right-large:1.92%;--awb-margin-bottom-large:20px;--awb-spacing-left-large:1.92%;--awb-width-medium:100%;--awb-order-medium:0;--awb-spacing-right-medium:1.92%;--awb-spacing-left-medium:1.92%;--awb-width-small:100%;--awb-order-small:0;--awb-spacing-right-small:1.92%;--awb-spacing-left-small:1.92%;\"><div class=\"fusion-column-wrapper fusion-column-has-shadow fusion-flex-justify-content-flex-start fusion-content-layout-column\"><div class=\"fusion-title title fusion-title-5 fusion-sep-none fusion-title-text fusion-title-size-six\" style=\"--awb-margin-top-small:0px;--awb-margin-right-small:0px;--awb-margin-bottom-small:10px;--awb-margin-left-small:0px;--awb-font-size:17px;\"><h6 class=\"fusion-title-heading title-heading-left\" style=\"margin:0;font-size:1em;\"><strong>\u0423\u0447\u0435\u0431\u043d\u0430\u044f \u043f\u043e\u0435\u0437\u0434\u043a\u0430 \u043d\u0430 \u0442\u0440\u0430\u043d\u0441\u043f\u043e\u0440\u0442\u0435 \u0432 \u043d\u043e\u0432\u0443\u044e \u0447\u0430\u0441\u0442\u044c \u043a\u0430\u0440\u044c\u0435\u0440\u0430 \u0410\u0439\u0434\u0443<\/strong>, \u0433\u0434\u0435 \u043e\u0442\u043a\u0440\u044b\u0432\u0430\u044e\u0442\u0441\u044f \u043f\u0440\u0435\u043a\u0440\u0430\u0441\u043d\u044b\u0435 \u0432\u0438\u0434\u044b \u043d\u0430 \u043a\u0430\u0440\u044c\u0435\u0440. \u0412 \u0445\u043e\u0434\u0435 \u043f\u043e\u0435\u0437\u0434\u043a\u0438 \u0434\u0435\u043b\u0430\u044e\u0442\u0441\u044f \u043e\u0441\u043c\u043e\u0442\u0440\u044b \u0438 \u0438\u0437\u043c\u0435\u0440\u0435\u043d\u0438\u044f, \u0438 \u0440\u0435\u0448\u0430\u044e\u0442\u0441\u044f \u0437\u0430\u0434\u0430\u043d\u0438\u044f:<\/h6><\/div><ul style=\"--awb-line-height:28.9px;--awb-icon-width:28.9px;--awb-icon-height:28.9px;--awb-icon-margin:11.9px;--awb-content-margin:40.8px;\" class=\"fusion-checklist fusion-checklist-3 fusion-checklist-default type-icons\"><li class=\"fusion-li-item\" style=\"\"><span class=\"icon-wrapper circle-no\"><i class=\"fusion-li-icon fa-check fas\" aria-hidden=\"true\"><\/i><\/span><div class=\"fusion-li-item-content\">\n<p>\u0412\u044b\u0434\u0435\u043b\u044f\u0435\u043c\u044b\u0439 CO2 \u043f\u0440\u0438 \u0441\u0433\u043e\u0440\u0430\u043d\u0438\u0438 \u0441\u043b\u0430\u043d\u0446\u0430<\/p>\n<\/div><\/li><li class=\"fusion-li-item\" style=\"\"><span class=\"icon-wrapper circle-no\"><i class=\"fusion-li-icon fa-check fas\" aria-hidden=\"true\"><\/i><\/span><div class=\"fusion-li-item-content\">\n<p>\u0420\u0430\u0441\u0447\u0435\u0442 \u043e\u0441\u0442\u0430\u0432\u043b\u044f\u0435\u043c\u044b\u0445 \u0441\u043b\u0435\u0434\u043e\u0432 \u043f\u043e\u0442\u0440\u0435\u0431\u043b\u044f\u0435\u043c\u043e\u0439 \u0434\u043e\u043c\u0430 \u044d\u043d\u0435\u0440\u0433\u0438\u0438: \u043d\u0435\u043e\u0431\u0445\u043e\u0434\u0438\u043c\u043e\u0435 \u043a\u043e\u043b\u0438\u0447\u0435\u0441\u0442\u0432\u043e \u0441\u043b\u0430\u043d\u0446\u0430, \u043a\u043e\u043b\u0438\u0447\u0435\u0441\u0442\u0432\u043e \u043e\u0441\u0442\u0430\u0442\u043e\u0447\u043d\u043e\u0433\u043e \u043f\u0440\u043e\u0434\u0443\u043a\u0442\u0430 \u0438\u043b\u0438 \u0436\u0435 \u0437\u043e\u043b\u044b \u0438 \u043e\u0431\u044a\u0435\u043c \u043e\u0442\u043a\u0430\u0447\u0435\u043d\u043d\u043e\u0439 \u0432\u043e\u0434\u044b<\/p>\n<\/div><\/li><\/ul><\/div><\/div><div class=\"fusion-layout-column fusion_builder_column fusion-builder-column-3 fusion_builder_column_1_1 1_1 fusion-flex-column\" style=\"--awb-padding-top:10px;--awb-bg-size:cover;--awb-width-large:100%;--awb-margin-top-large:0px;--awb-spacing-right-large:1.92%;--awb-margin-bottom-large:20px;--awb-spacing-left-large:1.92%;--awb-width-medium:100%;--awb-order-medium:0;--awb-spacing-right-medium:1.92%;--awb-spacing-left-medium:1.92%;--awb-width-small:100%;--awb-order-small:0;--awb-spacing-right-small:1.92%;--awb-spacing-left-small:1.92%;\"><div class=\"fusion-column-wrapper fusion-column-has-shadow fusion-flex-justify-content-flex-start fusion-content-layout-column\"><div class=\"fusion-text fusion-text-2\"><p><em>NB! \u0420\u0435\u043a\u043e\u043c\u0435\u043d\u0434\u0430\u0446\u0438\u044f: \u043f\u0435\u0440\u0435\u0434 \u044d\u0442\u0438\u043c \u0443\u0437\u043d\u0430\u0439\u0442\u0435, \u043a\u0430\u043a \u043c\u043d\u043e\u0433\u043e \u0442\u0440\u0430\u0442\u0438\u0442\u044c\u0441\u044f \u0432 \u0441\u0435\u043c\u044c\u0435 \u043d\u0430 \u044d\u043b\u0435\u043a\u0442\u0440\u0438\u0447\u0435\u0441\u0442\u0432\u043e \u0437\u0430 \u043e\u0434\u0438\u043d \u043c\u0435\u0441\u044f\u0446.<\/em><\/p>\n<p>\u0420\u0430\u0437\u043c\u0435\u0440 \u0433\u0440\u0443\u043f\u043f\u044b: \u0434\u043e 17 \u0447\u0435\u043b\u043e\u0432\u0435\u043a + 1 \u0443\u0447\u0438\u0442\u0435\u043b\u044c<\/p>\n<p>\u0426\u0435\u043d\u0430: <strong>455 \u20ac<\/strong> \u0437\u0430 \u043e\u0434\u043d\u0443 \u0433\u0440\u0443\u043f\u043f\u0443<\/p>\n<p>\u041e\u0434\u043d\u043e\u0432\u0440\u0435\u043c\u0435\u043d\u043d\u043e \u043c\u043e\u0436\u0435\u043c \u043f\u0440\u0438\u043d\u044f\u0442\u044c \u043c\u0430\u043a\u0441\u0438\u043c\u0430\u043b\u044c\u043d\u043e 2 \u0433\u0440\u0443\u043f\u043f\u044b<\/p>\n<p>\u041f\u0440\u043e\u0432\u043e\u0434\u0438\u043c \u0443\u0447\u0435\u0431\u043d\u0443\u044e \u043f\u0440\u043e\u0433\u0440\u0430\u043c\u043c\u0443 \u0432 \u0441\u043e\u0442\u0440\u0443\u0434\u043d\u0438\u0447\u0435\u0441\u0442\u0432\u0435 \u0441 Alutaguse Matkaklubi \u0438 Adrenaator Grupp.<\/p>\n<\/div><\/div><\/div><\/div><\/div>\n","protected":false},"excerpt":{"rendered":"","protected":false},"author":128,"featured_media":0,"parent":22374,"menu_order":0,"comment_status":"closed","ping_status":"closed","template":"","meta":{"footnotes":""},"class_list":["post-22389","page","type-page","status-publish","hentry"],"yoast_head":"<!-- This site is optimized with the Yoast SEO plugin v27.5 - https:\/\/yoast.com\/product\/yoast-seo-wordpress\/ -->\n<title>P\u00f5levkivi kaevandamine - Eesti kaevandusmuuseum<\/title>\n<meta name=\"robots\" content=\"index, follow, max-snippet:-1, max-image-preview:large, max-video-preview:-1\" \/>\n<link rel=\"canonical\" href=\"https:\/\/kaevandusmuuseum.ee\/ru\/dlja-skol\/polevkivi-kaevandamine\/\" \/>\n<meta property=\"og:locale\" content=\"ru_RU\" \/>\n<meta property=\"og:type\" content=\"article\" \/>\n<meta property=\"og:title\" content=\"P\u00f5levkivi kaevandamine - Eesti kaevandusmuuseum\" \/>\n<meta property=\"og:url\" content=\"https:\/\/kaevandusmuuseum.ee\/ru\/dlja-skol\/polevkivi-kaevandamine\/\" \/>\n<meta property=\"og:site_name\" content=\"Eesti kaevandusmuuseum\" \/>\n<meta property=\"article:publisher\" content=\"https:\/\/www.facebook.com\/kaevandusmuuseum.ee\" \/>\n<meta property=\"article:modified_time\" content=\"2020-12-21T18:49:51+00:00\" \/>\n<meta name=\"twitter:card\" content=\"summary_large_image\" \/>\n<meta name=\"twitter:label1\" content=\"\u041f\u0440\u0438\u043c\u0435\u0440\u043d\u043e\u0435 \u0432\u0440\u0435\u043c\u044f \u0434\u043b\u044f \u0447\u0442\u0435\u043d\u0438\u044f\" \/>\n\t<meta name=\"twitter:data1\" content=\"11 \u043c\u0438\u043d\u0443\u0442\" \/>\n<script type=\"application\/ld+json\" class=\"yoast-schema-graph\">{\"@context\":\"https:\\\/\\\/schema.org\",\"@graph\":[{\"@type\":\"WebPage\",\"@id\":\"https:\\\/\\\/kaevandusmuuseum.ee\\\/ru\\\/dlja-skol\\\/polevkivi-kaevandamine\\\/\",\"url\":\"https:\\\/\\\/kaevandusmuuseum.ee\\\/ru\\\/dlja-skol\\\/polevkivi-kaevandamine\\\/\",\"name\":\"P\u00f5levkivi kaevandamine - Eesti kaevandusmuuseum\",\"isPartOf\":{\"@id\":\"https:\\\/\\\/kaevandusmuuseum.ee\\\/ru\\\/#website\"},\"datePublished\":\"2020-11-19T10:52:59+00:00\",\"dateModified\":\"2020-12-21T18:49:51+00:00\",\"breadcrumb\":{\"@id\":\"https:\\\/\\\/kaevandusmuuseum.ee\\\/ru\\\/dlja-skol\\\/polevkivi-kaevandamine\\\/#breadcrumb\"},\"inLanguage\":\"ru-RU\",\"potentialAction\":[{\"@type\":\"ReadAction\",\"target\":[\"https:\\\/\\\/kaevandusmuuseum.ee\\\/ru\\\/dlja-skol\\\/polevkivi-kaevandamine\\\/\"]}]},{\"@type\":\"BreadcrumbList\",\"@id\":\"https:\\\/\\\/kaevandusmuuseum.ee\\\/ru\\\/dlja-skol\\\/polevkivi-kaevandamine\\\/#breadcrumb\",\"itemListElement\":[{\"@type\":\"ListItem\",\"position\":1,\"name\":\"Home\",\"item\":\"https:\\\/\\\/kaevandusmuuseum.ee\\\/ru\\\/\"},{\"@type\":\"ListItem\",\"position\":2,\"name\":\"\u0414\u043b\u044f \u0448\u043a\u043e\u043b\",\"item\":\"https:\\\/\\\/kaevandusmuuseum.ee\\\/ru\\\/dlja-skol\\\/\"},{\"@type\":\"ListItem\",\"position\":3,\"name\":\"P\u00f5levkivi kaevandamine\"}]},{\"@type\":\"WebSite\",\"@id\":\"https:\\\/\\\/kaevandusmuuseum.ee\\\/ru\\\/#website\",\"url\":\"https:\\\/\\\/kaevandusmuuseum.ee\\\/ru\\\/\",\"name\":\"Eesti kaevandusmuuseum\",\"description\":\"Broneerimiskeskkond\",\"potentialAction\":[{\"@type\":\"SearchAction\",\"target\":{\"@type\":\"EntryPoint\",\"urlTemplate\":\"https:\\\/\\\/kaevandusmuuseum.ee\\\/ru\\\/?s={search_term_string}\"},\"query-input\":{\"@type\":\"PropertyValueSpecification\",\"valueRequired\":true,\"valueName\":\"search_term_string\"}}],\"inLanguage\":\"ru-RU\"}]}<\/script>\n<!-- \/ Yoast SEO plugin. -->","yoast_head_json":{"title":"P\u00f5levkivi kaevandamine - Eesti kaevandusmuuseum","robots":{"index":"index","follow":"follow","max-snippet":"max-snippet:-1","max-image-preview":"max-image-preview:large","max-video-preview":"max-video-preview:-1"},"canonical":"https:\/\/kaevandusmuuseum.ee\/ru\/dlja-skol\/polevkivi-kaevandamine\/","og_locale":"ru_RU","og_type":"article","og_title":"P\u00f5levkivi kaevandamine - Eesti kaevandusmuuseum","og_url":"https:\/\/kaevandusmuuseum.ee\/ru\/dlja-skol\/polevkivi-kaevandamine\/","og_site_name":"Eesti kaevandusmuuseum","article_publisher":"https:\/\/www.facebook.com\/kaevandusmuuseum.ee","article_modified_time":"2020-12-21T18:49:51+00:00","twitter_card":"summary_large_image","twitter_misc":{"\u041f\u0440\u0438\u043c\u0435\u0440\u043d\u043e\u0435 \u0432\u0440\u0435\u043c\u044f \u0434\u043b\u044f \u0447\u0442\u0435\u043d\u0438\u044f":"11 \u043c\u0438\u043d\u0443\u0442"},"schema":{"@context":"https:\/\/schema.org","@graph":[{"@type":"WebPage","@id":"https:\/\/kaevandusmuuseum.ee\/ru\/dlja-skol\/polevkivi-kaevandamine\/","url":"https:\/\/kaevandusmuuseum.ee\/ru\/dlja-skol\/polevkivi-kaevandamine\/","name":"P\u00f5levkivi kaevandamine - Eesti kaevandusmuuseum","isPartOf":{"@id":"https:\/\/kaevandusmuuseum.ee\/ru\/#website"},"datePublished":"2020-11-19T10:52:59+00:00","dateModified":"2020-12-21T18:49:51+00:00","breadcrumb":{"@id":"https:\/\/kaevandusmuuseum.ee\/ru\/dlja-skol\/polevkivi-kaevandamine\/#breadcrumb"},"inLanguage":"ru-RU","potentialAction":[{"@type":"ReadAction","target":["https:\/\/kaevandusmuuseum.ee\/ru\/dlja-skol\/polevkivi-kaevandamine\/"]}]},{"@type":"BreadcrumbList","@id":"https:\/\/kaevandusmuuseum.ee\/ru\/dlja-skol\/polevkivi-kaevandamine\/#breadcrumb","itemListElement":[{"@type":"ListItem","position":1,"name":"Home","item":"https:\/\/kaevandusmuuseum.ee\/ru\/"},{"@type":"ListItem","position":2,"name":"\u0414\u043b\u044f \u0448\u043a\u043e\u043b","item":"https:\/\/kaevandusmuuseum.ee\/ru\/dlja-skol\/"},{"@type":"ListItem","position":3,"name":"P\u00f5levkivi kaevandamine"}]},{"@type":"WebSite","@id":"https:\/\/kaevandusmuuseum.ee\/ru\/#website","url":"https:\/\/kaevandusmuuseum.ee\/ru\/","name":"Eesti kaevandusmuuseum","description":"Broneerimiskeskkond","potentialAction":[{"@type":"SearchAction","target":{"@type":"EntryPoint","urlTemplate":"https:\/\/kaevandusmuuseum.ee\/ru\/?s={search_term_string}"},"query-input":{"@type":"PropertyValueSpecification","valueRequired":true,"valueName":"search_term_string"}}],"inLanguage":"ru-RU"}]}},"_links":{"self":[{"href":"https:\/\/kaevandusmuuseum.ee\/ru\/wp-json\/wp\/v2\/pages\/22389","targetHints":{"allow":["GET"]}}],"collection":[{"href":"https:\/\/kaevandusmuuseum.ee\/ru\/wp-json\/wp\/v2\/pages"}],"about":[{"href":"https:\/\/kaevandusmuuseum.ee\/ru\/wp-json\/wp\/v2\/types\/page"}],"author":[{"embeddable":true,"href":"https:\/\/kaevandusmuuseum.ee\/ru\/wp-json\/wp\/v2\/users\/128"}],"replies":[{"embeddable":true,"href":"https:\/\/kaevandusmuuseum.ee\/ru\/wp-json\/wp\/v2\/comments?post=22389"}],"version-history":[{"count":2,"href":"https:\/\/kaevandusmuuseum.ee\/ru\/wp-json\/wp\/v2\/pages\/22389\/revisions"}],"predecessor-version":[{"id":22391,"href":"https:\/\/kaevandusmuuseum.ee\/ru\/wp-json\/wp\/v2\/pages\/22389\/revisions\/22391"}],"up":[{"embeddable":true,"href":"https:\/\/kaevandusmuuseum.ee\/ru\/wp-json\/wp\/v2\/pages\/22374"}],"wp:attachment":[{"href":"https:\/\/kaevandusmuuseum.ee\/ru\/wp-json\/wp\/v2\/media?parent=22389"}],"curies":[{"name":"wp","href":"https:\/\/api.w.org\/{rel}","templated":true}]}}