{"id":22733,"date":"2018-08-28T12:34:15","date_gmt":"2018-08-28T09:34:15","guid":{"rendered":"https:\/\/kaevandusmuuseum.veebispetsid.com\/privaatsustingimused\/"},"modified":"2020-12-26T16:00:26","modified_gmt":"2020-12-26T14:00:26","slug":"tietosuojaseloste","status":"publish","type":"page","link":"https:\/\/kaevandusmuuseum.ee\/fi\/tietosuojaseloste\/","title":{"rendered":"Tietosuojaseloste"},"content":{"rendered":"<div class=\"fusion-fullwidth fullwidth-box fusion-builder-row-1 nonhundred-percent-fullwidth non-hundred-percent-height-scrolling\" style=\"--awb-border-radius-top-left:0px;--awb-border-radius-top-right:0px;--awb-border-radius-bottom-right:0px;--awb-border-radius-bottom-left:0px;--awb-flex-wrap:wrap;\" ><div class=\"fusion-builder-row fusion-row\"><div class=\"fusion-layout-column fusion_builder_column fusion-builder-column-0 fusion_builder_column_1_1 1_1 fusion-one-full fusion-column-first fusion-column-last\" style=\"--awb-bg-size:cover;\"><div class=\"fusion-column-wrapper fusion-flex-column-wrapper-legacy\"><div class=\"fusion-text fusion-text-1\"><h2 class=\"fusion-responsive-typography-calculated\" style=\"--fontsize: 45; line-height: 1.2; --fontSize:26;\" data-fontsize=\"26\" data-lineheight=\"31.2px\">Tietosuojaseloste<\/h2>\n<h4 class=\"fusion-responsive-typography-calculated\" style=\"--fontsize: 45; line-height: 1.2; --fontSize:22;\" data-fontsize=\"22\" data-lineheight=\"26.4px\">1. Yleist\u00e4<\/h4>\n<ol>\n<li>T\u00e4m\u00e4 tietosuojaseloste s\u00e4\u00e4telee henkil\u00f6tietojen ker\u00e4yksen, k\u00e4sittelyn ja s\u00e4ilytyksen periaatteita. Henkil\u00f6tietoja ker\u00e4\u00e4, k\u00e4sittelee ja s\u00e4ilytt\u00e4\u00e4 henkil\u00f6tiedoista vastaava k\u00e4sittelij\u00e4 Viron kaivosmuseo (Eesti Kaevandusmuuseum SA, j\u00e4ljemp\u00e4n\u00e4 rekisterinpit\u00e4j\u00e4).\n<\/li>\n<li>Rekister\u00f6ity kohde on t\u00e4m\u00e4n tietosuojaselosteen tarkoituksessa asiakas tai muu luonnollinen henkil\u00f6, jonka henkil\u00f6tietoja rekisterinpit\u00e4j\u00e4 k\u00e4sittelee.\n<\/li>\n<li>Asiakas on tietosuojaselosteen tarkoituksessa jokainen, joka ostaa rekisterinpit\u00e4j\u00e4n verkkosivuilta tuotteita tai palveluja.\n<\/li>\n<li>Rekisterinpit\u00e4j\u00e4 noudattaa lakis\u00e4\u00e4teisi\u00e4 tietojen k\u00e4sittelyn periaatteita. H\u00e4n muun muassa k\u00e4sittelee henkil\u00f6tietoja laillisesti, oikeudenmukaisesti ja turvallisesti. Rekisterinpit\u00e4j\u00e4 pystyy varmentamaan, ett\u00e4 henkil\u00f6tietoja on k\u00e4sitelty s\u00e4\u00e4d\u00f6sten mukaisesti.<\/li>\n<\/ol>\n<ol>\n<\/ol>\n<h4 data-fontsize=\"22\" data-lineheight=\"33px\" class=\"fusion-responsive-typography-calculated\" style=\"--fontSize:22; line-height: 1.5;\">2. Henkil\u00f6tietojen ker\u00e4ys, k\u00e4sittely ja s\u00e4ilytys<\/h4>\n<ol>\n<li>Henkil\u00f6tiedot, joita rekisterinpit\u00e4j\u00e4 ker\u00e4\u00e4, k\u00e4sittelee ja s\u00e4ilytt\u00e4\u00e4, on ker\u00e4tty s\u00e4hk\u00f6isesti, yleens\u00e4 verkkosivun ja s\u00e4hk\u00f6postin v\u00e4lityksell\u00e4.\n<\/li>\n<li>Jakamalla henkil\u00f6tietojaan rekister\u00f6ity oikeuttaa rekisterinpit\u00e4j\u00e4\u00e4 ker\u00e4\u00e4m\u00e4\u00e4n, j\u00e4rjest\u00e4m\u00e4\u00e4n, k\u00e4ytt\u00e4m\u00e4\u00e4n ja hallinnoimaan tietosuojaselosteessa mainitussa tarkoituksessa sellaisia henkil\u00f6tietoja, joita rekister\u00f6ity verkkosivulta tuotteita tai palveluja ostaessaan jakaa rekisterinpit\u00e4j\u00e4lle suoraan tai ep\u00e4suoraan.\n<\/li>\n<li>Rekister\u00f6ity vastaa siit\u00e4, ett\u00e4 h\u00e4nen toimittamansa tiedot ovat tarkkoja, oikeita ja kattavia. Tahallista v\u00e4\u00e4rien tietojen toimittamista pidet\u00e4\u00e4n tietosuojak\u00e4yt\u00e4nteiden rikkomisena. Rekister\u00f6ity sitoutuu tiedottamaan viipym\u00e4tt\u00e4 rekisterinpit\u00e4j\u00e4lle toimittamiensa tietojen muutoksista.\n<\/li>\n<li>Rekisterinpit\u00e4j\u00e4 ei vastaa mahdollisista vahingoista, joita rekister\u00f6idyn suorittama v\u00e4\u00e4rien tietojen toimittaminen aiheuttaa itse rekister\u00f6idylle tai kolmansille osapuolille.<\/li>\n<\/ol>\n<ol>\n<\/ol>\n<h4 data-fontsize=\"22\" data-lineheight=\"33px\" class=\"fusion-responsive-typography-calculated\" style=\"--fontSize:22; line-height: 1.5;\">3. Asiakkaiden henkil\u00f6tietojen k\u00e4sittely<\/h4>\n<ol>\n<li>Rekisterinpit\u00e4j\u00e4 voi k\u00e4sitell\u00e4 seuraavia rekister\u00f6idyn henkil\u00f6tietoja:<br \/>a) etu- ja sukunimi<br \/>b) puhelinnumero<br \/>c) s\u00e4hk\u00f6postiosoite<br \/>d) toimitusosoite\n<\/li>\n<li>Edell\u00e4 mainitun lis\u00e4ksi rekisterinpit\u00e4j\u00e4ll\u00e4 on oikeus ker\u00e4t\u00e4 asiakasta koskevia tietoja, jotka ovat saatavilla julkisista rekistereist\u00e4.\n<\/li>\n<li>Henkil\u00f6tietojen k\u00e4sittelyn oikeusperusteena ovat yleisen tietosuoja-asetuksen 6 artiklan 1 kohdat a, b, c ja d:<br \/>a) rekister\u00f6ity on antanut suostumuksensa henkil\u00f6tietojensa k\u00e4sittelyyn yht\u00e4 tai useampaa erityist\u00e4 tarkoitusta varten<br \/>b) k\u00e4sittely on tarpeen sellaisen sopimuksen t\u00e4yt\u00e4nt\u00f6\u00f6n panemiseksi, jossa rekister\u00f6ity on osapuolena, tai sopimuksen tekemist\u00e4 edelt\u00e4vien toimenpiteiden toteuttamiseksi rekister\u00f6idyn pyynn\u00f6st\u00e4<br \/>c) k\u00e4sittely on tarpeen rekisterinpit\u00e4j\u00e4n lakis\u00e4\u00e4teisen velvoitteen noudattamiseksi<br \/>d) k\u00e4sittely on tarpeen rekisterinpit\u00e4j\u00e4n tai kolmannen osapuolen oikeutettujen etujen toteuttamiseksi, paitsi silloin, kun henkil\u00f6tietojen suojaa edellytt\u00e4v\u00e4t rekister\u00f6idyn edut tai perusoikeudet ja -vapaudet syrj\u00e4ytt\u00e4v\u00e4t t\u00e4llaiset edut, erityisesti, jos rekister\u00f6ity on lapsi.\n<\/li>\n<li>Henkil\u00f6tietojen k\u00e4sittely tarkoituksittain:<br \/>a) K\u00e4sittelyn tarkoitus \u2013 varmuus ja turvallisuus. Henkil\u00f6tietojen enimm\u00e4iss\u00e4ilytysaika \u2013 8 vuotta.<br \/>b) K\u00e4sittelyn tarkoitus \u2013 tilauksen k\u00e4sittely. Henkil\u00f6tietojen enimm\u00e4iss\u00e4ilytysaika \u2013 8 vuotta<br \/>c) K\u00e4sittelyn tarkoitus \u2013 verkkokaupan palvelujen toimivuuden takaaminen. Henkil\u00f6tietojen enimm\u00e4iss\u00e4ilytysaika \u2013 8 vuotta<br \/>d) K\u00e4sittelyn tarkoitus \u2013 asiakashallinta. Henkil\u00f6tietojen enimm\u00e4iss\u00e4ilytysaika \u2013 8 vuotta.<br \/>e) K\u00e4sittelyn tarkoitus \u2013 rahoitustoiminta, kirjanpito. Henkil\u00f6tietojen enimm\u00e4iss\u00e4ilytysaika \u2013 lakis\u00e4\u00e4teisi\u00e4 m\u00e4\u00e4r\u00e4aikoja noudattaen.<br \/>f) K\u00e4sittelyn tarkoitus \u2013 markkinointi. Henkil\u00f6tietojen enimm\u00e4iss\u00e4ilytysaika \u2013 8 vuotta.\n<\/li>\n<li>Rekisterinpit\u00e4j\u00e4ll\u00e4 on oikeus jakaa asiakkaiden henkil\u00f6tietoja kolmansien osapuolien kanssa, joita ovat esimerkiksi valtuutetut henkil\u00f6tietojen k\u00e4sittelij\u00e4t, kirjanpit\u00e4j\u00e4t, kuljetus- ja l\u00e4hettipalveluliikkeet ja rahojen siirtopalveluja tarjoavat yritykset. Rekisterinpit\u00e4j\u00e4 on henkil\u00f6tietojen vastaava k\u00e4sittelij\u00e4. Rekisterinpit\u00e4j\u00e4 toimittaa maksujen suorittamiseen tarvittavat henkil\u00f6tiedot Maksekeskus AS -nimiselle henkil\u00f6tietojen k\u00e4sittelij\u00e4lle.\n<\/li>\n<li>Rekister\u00f6idyn henkil\u00f6tietoja k\u00e4sitelless\u00e4\u00e4n ja s\u00e4ilytt\u00e4ess\u00e4\u00e4n rekisterinpit\u00e4j\u00e4 toteuttaa tekniset ja organisatoriset toimenpiteet, jotka takaavat henkil\u00f6tietojen suojaamisen satunnaiselta tai laittomalta tuhoamiselta, muuttamiselta, julkistamiselta tai milt\u00e4 tahansa muulta laittomalta k\u00e4sittelylt\u00e4.\n<\/li>\n<li>Rekisterinpit\u00e4j\u00e4 s\u00e4ilytt\u00e4\u00e4 rekister\u00f6ityjen tietoja k\u00e4sittelyn tarkoituksesta riippuen, kuitenkin enint\u00e4\u00e4n 8 vuotta.<\/li>\n<\/ol>\n<div>\n<h4 data-fontsize=\"22\" data-lineheight=\"33px\" class=\"fusion-responsive-typography-calculated\" style=\"--fontSize:22; line-height: 1.5;\">4. Rekister\u00f6idyn oikeudet<\/h4>\n<ol>\n<li>Rekister\u00f6idyll\u00e4 on oikeus saada p\u00e4\u00e4sy henkil\u00f6tietoihinsa ja tutustua niihin.\n<\/li>\n<li>Rekister\u00f6idyll\u00e4 on oikeus saada tietoa henkil\u00f6tietojensa k\u00e4sittelyst\u00e4.\n<\/li>\n<li>Rekister\u00f6idyll\u00e4 on oikeus t\u00e4ydent\u00e4\u00e4 tai korjata ep\u00e4tarkkoja tietoja.\n<\/li>\n<li>Jos rekisterinpit\u00e4j\u00e4 k\u00e4sittelee rekister\u00f6idyn henkil\u00f6tietoja rekister\u00f6idyn suostumuksen perusteella, rekister\u00f6idyll\u00e4 on oikeus perua suostumuksensa milloin tahansa.\n<\/li>\n<li>Rekister\u00f6ity voi oikeuksiensa k\u00e4ytt\u00f6\u00e4 varten ottaa yhteytt\u00e4 verkkokaupan asiakastukeen l\u00e4hett\u00e4m\u00e4ll\u00e4 s\u00e4hk\u00f6postia osoitteeseen info@kaevandusmuuseum.ee.\n<\/li>\n<li>Rekister\u00f6ity voi puolustaa oikeuksiaan valittamalla Viron tietosuojaviranomaiselle (Andmekaitse Inspektsioon).<\/li>\n<\/ol>\n<ol>\n<\/ol>\n<h4 data-fontsize=\"22\" data-lineheight=\"33px\" class=\"fusion-responsive-typography-calculated\" style=\"--fontSize:22; line-height: 1.5;\">5. Loppus\u00e4\u00e4nn\u00f6kset<\/h4>\n<\/div>\n<ol>\n<li>T\u00e4m\u00e4 tietosuojaseloste on laadittu luonnollisten henkil\u00f6iden suojelusta henkil\u00f6tietojen k\u00e4sittelyss\u00e4 sek\u00e4 n\u00e4iden tietojen vapaasta liikkuvuudesta ja direktiivin 95\/46\/EY kumoamisesta annettua Euroopan parlamentin ja neuvoston asetusta (EU) N:o 2016\/679 (yleinen tietosuoja-asetus), Viron tietosuojalakia (isikuandmete kaitse seadus) sek\u00e4 muita Viron tasavallan ja Euroopan unionin s\u00e4\u00e4d\u00f6ksi\u00e4 noudattaen.\n<\/li>\n<li>Rekisterinpit\u00e4j\u00e4ll\u00e4 on oikeus muuttaa tietosuojaehtoja osittain tai kokonaan ilmoittamalla muutoksista rekister\u00f6idyille verkkosivun kaevandusmuuseum.ee\/epood kautta.<\/li>\n<\/ol>\n<ol>\n<\/ol>\n<\/div><div class=\"fusion-sep-clear\"><\/div><div class=\"fusion-separator fusion-full-width-sep\" style=\"margin-left: auto;margin-right: auto;margin-top:25px;margin-bottom:35px;width:100%;\"><div class=\"fusion-separator-border sep-single sep-solid\" style=\"--awb-height:20px;--awb-amount:20px;--awb-sep-color:#ffc107;border-color:#ffc107;border-top-width:6px;\"><\/div><\/div><div class=\"fusion-sep-clear\"><\/div><div class=\"fusion-text fusion-text-2\"><h2 data-fontsize=\"26\" data-lineheight=\"39px\">K\u00fcpsised<\/h2>\n<h4 class=\"fusion-responsive-typography-calculated\" data-fontsize=\"26\" data-lineheight=\"39px\">Mis on k\u00fcpsised?<\/h4>\n<p>Meie veebileht kasutab k\u00fcpsiseid (inglise keeles \u201ccookie\u201d). K\u00fcpsis on v\u00e4ike tekstikujuline andmeplokk Teie veebilehitsejas, mille veebileht saadab Teie arvutis olevasse k\u00fcpsiste faili. K\u00fcpsised v\u00f5imaldavad meie veebilehel pakkuda Teile paremat kasutajakogemust ning kujundada ja arendada oma veebilehte nii, et meie teenus oleks v\u00f5imalikult kvaliteetne.<\/p>\n<p>Kui j\u00e4tkate meie veebilehe kasutamist, siis n\u00f5ustute \u00fchtlasi k\u00fcpsiste kasutamisega.<\/p>\n<p>Kui Te ei soovi, et k\u00fcpsiseid salvestatakse Teie arvutisse, siis v\u00f5ite need blokeerida oma veebilehitseja s\u00e4tetes. Nii ei salvestata ei meie ega \u00fchegi teise veebilehe k\u00fcpsiseid, kuid selle tulemusena ei pruugi k\u00f5ik veebilehe funktsioonid korralikult toimida.<\/p>\n<h4 class=\"fusion-responsive-typography-calculated\" data-fontsize=\"26\" data-lineheight=\"39px\">Meie veebilehel kasutatavad k\u00fcpsised<\/h4>\n<p><strong>V\u00e4ga vajalikud k\u00fcpsised<\/strong><br \/>\nNeil k\u00fcpsistel on oluline roll meie saidi t\u00f6\u00f6s. N\u00e4iteks kuuluvad siia k\u00fcpsised, mille abil saate liikuda \u00f5igetele lehtedele, kui teeme veebisaidi t\u00f6\u00f6s uuendusi.<\/p>\n<p><strong>Talitlusk\u00fcpsised<\/strong><br \/>\nNeed k\u00fcpsised koguvad teavet, kuidas k\u00fclastajad kodulehte kasutavad. Nii saame teada, kui on ilmnenud m\u00f5ni viga. Me ei kogu otsest kasutajat tuvastavat teavet, vaid anon\u00fc\u00fcmseid andmeid. Kasutame seda teavet ainult veebisaidi t\u00f6\u00f6 t\u00e4iustamiseks.<\/p>\n<\/div><div class=\"fusion-clearfix\"><\/div><\/div><\/div><\/div><\/div>\n","protected":false},"excerpt":{"rendered":"","protected":false},"author":128,"featured_media":0,"parent":0,"menu_order":0,"comment_status":"closed","ping_status":"closed","template":"","meta":{"footnotes":""},"class_list":["post-22733","page","type-page","status-publish","hentry"],"yoast_head":"<!-- This site is optimized with the Yoast SEO plugin v27.4 - https:\/\/yoast.com\/product\/yoast-seo-wordpress\/ -->\n<title>Tietosuojaseloste - Eesti kaevandusmuuseum<\/title>\n<meta name=\"robots\" content=\"index, follow, max-snippet:-1, max-image-preview:large, max-video-preview:-1\" \/>\n<link rel=\"canonical\" href=\"https:\/\/kaevandusmuuseum.ee\/fi\/tietosuojaseloste\/\" \/>\n<meta property=\"og:locale\" content=\"fi_FI\" \/>\n<meta property=\"og:type\" content=\"article\" \/>\n<meta property=\"og:title\" content=\"Tietosuojaseloste - Eesti kaevandusmuuseum\" \/>\n<meta property=\"og:url\" content=\"https:\/\/kaevandusmuuseum.ee\/fi\/tietosuojaseloste\/\" \/>\n<meta property=\"og:site_name\" content=\"Eesti kaevandusmuuseum\" \/>\n<meta property=\"article:publisher\" content=\"https:\/\/www.facebook.com\/kaevandusmuuseum.ee\" \/>\n<meta property=\"article:modified_time\" content=\"2020-12-26T14:00:26+00:00\" \/>\n<meta name=\"twitter:card\" content=\"summary_large_image\" \/>\n<meta name=\"twitter:label1\" content=\"Arvioitu lukuaika\" \/>\n\t<meta name=\"twitter:data1\" content=\"6 minuuttia\" \/>\n<script type=\"application\/ld+json\" class=\"yoast-schema-graph\">{\"@context\":\"https:\\\/\\\/schema.org\",\"@graph\":[{\"@type\":\"WebPage\",\"@id\":\"https:\\\/\\\/kaevandusmuuseum.ee\\\/fi\\\/tietosuojaseloste\\\/\",\"url\":\"https:\\\/\\\/kaevandusmuuseum.ee\\\/fi\\\/tietosuojaseloste\\\/\",\"name\":\"Tietosuojaseloste - Eesti kaevandusmuuseum\",\"isPartOf\":{\"@id\":\"https:\\\/\\\/kaevandusmuuseum.ee\\\/fi\\\/#website\"},\"datePublished\":\"2018-08-28T09:34:15+00:00\",\"dateModified\":\"2020-12-26T14:00:26+00:00\",\"breadcrumb\":{\"@id\":\"https:\\\/\\\/kaevandusmuuseum.ee\\\/fi\\\/tietosuojaseloste\\\/#breadcrumb\"},\"inLanguage\":\"fi\",\"potentialAction\":[{\"@type\":\"ReadAction\",\"target\":[\"https:\\\/\\\/kaevandusmuuseum.ee\\\/fi\\\/tietosuojaseloste\\\/\"]}]},{\"@type\":\"BreadcrumbList\",\"@id\":\"https:\\\/\\\/kaevandusmuuseum.ee\\\/fi\\\/tietosuojaseloste\\\/#breadcrumb\",\"itemListElement\":[{\"@type\":\"ListItem\",\"position\":1,\"name\":\"Home\",\"item\":\"https:\\\/\\\/kaevandusmuuseum.ee\\\/fi\\\/\"},{\"@type\":\"ListItem\",\"position\":2,\"name\":\"Tietosuojaseloste\"}]},{\"@type\":\"WebSite\",\"@id\":\"https:\\\/\\\/kaevandusmuuseum.ee\\\/fi\\\/#website\",\"url\":\"https:\\\/\\\/kaevandusmuuseum.ee\\\/fi\\\/\",\"name\":\"Eesti kaevandusmuuseum\",\"description\":\"Broneerimiskeskkond\",\"potentialAction\":[{\"@type\":\"SearchAction\",\"target\":{\"@type\":\"EntryPoint\",\"urlTemplate\":\"https:\\\/\\\/kaevandusmuuseum.ee\\\/fi\\\/?s={search_term_string}\"},\"query-input\":{\"@type\":\"PropertyValueSpecification\",\"valueRequired\":true,\"valueName\":\"search_term_string\"}}],\"inLanguage\":\"fi\"}]}<\/script>\n<!-- \/ Yoast SEO plugin. -->","yoast_head_json":{"title":"Tietosuojaseloste - Eesti kaevandusmuuseum","robots":{"index":"index","follow":"follow","max-snippet":"max-snippet:-1","max-image-preview":"max-image-preview:large","max-video-preview":"max-video-preview:-1"},"canonical":"https:\/\/kaevandusmuuseum.ee\/fi\/tietosuojaseloste\/","og_locale":"fi_FI","og_type":"article","og_title":"Tietosuojaseloste - Eesti kaevandusmuuseum","og_url":"https:\/\/kaevandusmuuseum.ee\/fi\/tietosuojaseloste\/","og_site_name":"Eesti kaevandusmuuseum","article_publisher":"https:\/\/www.facebook.com\/kaevandusmuuseum.ee","article_modified_time":"2020-12-26T14:00:26+00:00","twitter_card":"summary_large_image","twitter_misc":{"Arvioitu lukuaika":"6 minuuttia"},"schema":{"@context":"https:\/\/schema.org","@graph":[{"@type":"WebPage","@id":"https:\/\/kaevandusmuuseum.ee\/fi\/tietosuojaseloste\/","url":"https:\/\/kaevandusmuuseum.ee\/fi\/tietosuojaseloste\/","name":"Tietosuojaseloste - Eesti kaevandusmuuseum","isPartOf":{"@id":"https:\/\/kaevandusmuuseum.ee\/fi\/#website"},"datePublished":"2018-08-28T09:34:15+00:00","dateModified":"2020-12-26T14:00:26+00:00","breadcrumb":{"@id":"https:\/\/kaevandusmuuseum.ee\/fi\/tietosuojaseloste\/#breadcrumb"},"inLanguage":"fi","potentialAction":[{"@type":"ReadAction","target":["https:\/\/kaevandusmuuseum.ee\/fi\/tietosuojaseloste\/"]}]},{"@type":"BreadcrumbList","@id":"https:\/\/kaevandusmuuseum.ee\/fi\/tietosuojaseloste\/#breadcrumb","itemListElement":[{"@type":"ListItem","position":1,"name":"Home","item":"https:\/\/kaevandusmuuseum.ee\/fi\/"},{"@type":"ListItem","position":2,"name":"Tietosuojaseloste"}]},{"@type":"WebSite","@id":"https:\/\/kaevandusmuuseum.ee\/fi\/#website","url":"https:\/\/kaevandusmuuseum.ee\/fi\/","name":"Eesti kaevandusmuuseum","description":"Broneerimiskeskkond","potentialAction":[{"@type":"SearchAction","target":{"@type":"EntryPoint","urlTemplate":"https:\/\/kaevandusmuuseum.ee\/fi\/?s={search_term_string}"},"query-input":{"@type":"PropertyValueSpecification","valueRequired":true,"valueName":"search_term_string"}}],"inLanguage":"fi"}]}},"_links":{"self":[{"href":"https:\/\/kaevandusmuuseum.ee\/fi\/wp-json\/wp\/v2\/pages\/22733","targetHints":{"allow":["GET"]}}],"collection":[{"href":"https:\/\/kaevandusmuuseum.ee\/fi\/wp-json\/wp\/v2\/pages"}],"about":[{"href":"https:\/\/kaevandusmuuseum.ee\/fi\/wp-json\/wp\/v2\/types\/page"}],"author":[{"embeddable":true,"href":"https:\/\/kaevandusmuuseum.ee\/fi\/wp-json\/wp\/v2\/users\/128"}],"replies":[{"embeddable":true,"href":"https:\/\/kaevandusmuuseum.ee\/fi\/wp-json\/wp\/v2\/comments?post=22733"}],"version-history":[{"count":6,"href":"https:\/\/kaevandusmuuseum.ee\/fi\/wp-json\/wp\/v2\/pages\/22733\/revisions"}],"predecessor-version":[{"id":22747,"href":"https:\/\/kaevandusmuuseum.ee\/fi\/wp-json\/wp\/v2\/pages\/22733\/revisions\/22747"}],"wp:attachment":[{"href":"https:\/\/kaevandusmuuseum.ee\/fi\/wp-json\/wp\/v2\/media?parent=22733"}],"curies":[{"name":"wp","href":"https:\/\/api.w.org\/{rel}","templated":true}]}}