{"id":22100,"date":"2020-11-19T15:06:15","date_gmt":"2020-11-19T13:06:15","guid":{"rendered":"https:\/\/kaevandusmuuseum.veebispetsid.com\/info-ja-piletid\/kulastaja-meelespea\/"},"modified":"2020-12-30T22:30:19","modified_gmt":"2020-12-30T20:30:19","slug":"vierailijan-muistilista","status":"publish","type":"page","link":"https:\/\/kaevandusmuuseum.ee\/fi\/info-ja-paasyliput\/vierailijan-muistilista\/","title":{"rendered":"Vierailijan muistilista"},"content":{"rendered":"<div class=\"fusion-fullwidth fullwidth-box fusion-builder-row-1 fusion-flex-container nonhundred-percent-fullwidth non-hundred-percent-height-scrolling\" style=\"--awb-border-radius-top-left:0px;--awb-border-radius-top-right:0px;--awb-border-radius-bottom-right:0px;--awb-border-radius-bottom-left:0px;--awb-flex-wrap:wrap;\" ><div class=\"fusion-builder-row fusion-row fusion-flex-align-items-flex-start fusion-flex-content-wrap\" style=\"max-width:1144px;margin-left: calc(-4% \/ 2 );margin-right: calc(-4% \/ 2 );\"><div class=\"fusion-layout-column fusion_builder_column fusion-builder-column-0 fusion_builder_column_1_1 1_1 fusion-flex-column\" style=\"--awb-bg-size:cover;--awb-width-large:100%;--awb-margin-top-large:0px;--awb-spacing-right-large:1.92%;--awb-margin-bottom-large:20px;--awb-spacing-left-large:1.92%;--awb-width-medium:100%;--awb-order-medium:0;--awb-spacing-right-medium:1.92%;--awb-spacing-left-medium:1.92%;--awb-width-small:100%;--awb-order-small:0;--awb-spacing-right-small:1.92%;--awb-spacing-left-small:1.92%;\"><div class=\"fusion-column-wrapper fusion-column-has-shadow fusion-flex-justify-content-flex-start fusion-content-layout-column\"><div class=\"fusion-title title fusion-title-1 fusion-sep-none fusion-title-text fusion-title-size-two\" style=\"--awb-margin-top-small:0px;--awb-margin-right-small:0px;--awb-margin-bottom-small:10px;--awb-margin-left-small:0px;\"><h2 class=\"fusion-title-heading title-heading-left\" style=\"margin:0;\">Vierailijan muistilista<\/h2><\/div><div class=\"fusion-separator fusion-full-width-sep\" style=\"align-self: center;margin-left: auto;margin-right: auto;margin-top:20px;margin-bottom:20px;width:100%;\"><div class=\"fusion-separator-border sep-single sep-solid\" style=\"--awb-height:20px;--awb-amount:20px;--awb-sep-color:#ffc107;border-color:#ffc107;border-top-width:6px;\"><\/div><\/div><div class=\"fusion-text fusion-text-1\"><p>Haluamme kaivosmuseon vierailun olevan Sinulle mieleenpainuva ja el\u00e4myksi\u00e4 t\u00e4ynn\u00e4 oleva kokemus, ja olemme sit\u00e4 silm\u00e4ll\u00e4 pit\u00e4en koostaneet muistilistan asioista, jotka olisi hyv\u00e4 pit\u00e4\u00e4 mieless\u00e4 kaivosmuseossa vierailtaessa.<\/p>\n<ul>\n<li>Opastettu kierros maanalaisessa kaivoksessa kest\u00e4\u00e4 n. 1,5 tuntia.<\/li>\n<li>Ryhmien on varattava kierrosaika etuk\u00e4teen ja vahvistettava kirjallisesti maanalaisen kiertok\u00e4ynnin osallistujien nimet sek\u00e4 suunnitellun kiertok\u00e4ynnin aikataulu ja erityistoiveet.<\/li>\n<li>Pyyd\u00e4mme ajan varanneita ryhmi\u00e4 vahvistamaan p\u00e4iv\u00e4\u00e4 ennen kiertok\u00e4ynti\u00e4 saapumisajan ja ryhm\u00e4n koon.<\/li>\n<li>Yksitt\u00e4isvierailijat voivat tilata lis\u00e4maksua vastaan oppaan tai odottaa 10 hengen ryhm\u00e4n t\u00e4yttymist\u00e4.<\/li>\n<li>Viron kaivosmuseolla on oikeus kielt\u00e4\u00e4 alkoholin vaikutuksen alaisena olevien henkil\u00f6iden p\u00e4\u00e4sy maan alle.<\/li>\n<li>Viron kaivosmuseo pid\u00e4tt\u00e4\u00e4 oikeudet lis\u00e4t\u00e4 ryhmiin tarvittaessa osallistujia.<\/li>\n<li>Kaikki maanalaisen kaivoksen vierailijat rekister\u00f6id\u00e4\u00e4n ja heille annetaan ohjausta ennen maan alle menemist\u00e4.<\/li>\n<li>Kaivosmuseolla on oikeus muuttaa maanalaisen kaivoksen vierailuryhmien aikataulua, mik\u00e4li turvallisuustekij\u00e4t niin vaativat.<\/li>\n<\/ul>\n<\/div><\/div><\/div><div class=\"fusion-layout-column fusion_builder_column fusion-builder-column-1 fusion_builder_column_1_1 1_1 fusion-flex-column\" style=\"--awb-bg-size:cover;--awb-width-large:100%;--awb-margin-top-large:0px;--awb-spacing-right-large:1.92%;--awb-margin-bottom-large:20px;--awb-spacing-left-large:1.92%;--awb-width-medium:100%;--awb-order-medium:0;--awb-spacing-right-medium:1.92%;--awb-spacing-left-medium:1.92%;--awb-width-small:100%;--awb-order-small:0;--awb-spacing-right-small:1.92%;--awb-spacing-left-small:1.92%;\"><div class=\"fusion-column-wrapper fusion-column-has-shadow fusion-flex-justify-content-flex-start fusion-content-layout-column\"><div class=\"fusion-title title fusion-title-2 fusion-sep-none fusion-title-text fusion-title-size-five\" style=\"--awb-margin-top-small:0px;--awb-margin-right-small:0px;--awb-margin-bottom-small:10px;--awb-margin-left-small:0px;\"><h5 class=\"fusion-title-heading title-heading-left\" style=\"margin:0;\">Ryhm\u00e4t<\/h5><\/div><div class=\"fusion-text fusion-text-2\"><ul>\n<li>\n<p style=\"background-color: rgba(255, 255, 255, 0); color: var(--body_typography-color); font-family: var(--body_typography-font-family); font-size: var(--body_typography-font-size); font-style: var(--body_typography-font-style,normal); font-weight: var(--body_typography-font-weight); letter-spacing: var(--body_typography-letter-spacing); display: inline !important;\">Lasten on oltava maanalaisessa museossa vanhempien valvonnan ja vastuun alaisena. Suuret ryhm\u00e4t jaetaan turvallisuuden takaamiseksi pienempiin ryhmiin. Jokaisen lapsiryhm\u00e4n kanssa on oltava vastaava saattaja (opettaja tai muu aikuinen), joka liikkuu koko kiertok\u00e4ynnin ajan ryhm\u00e4n lopussa ja takaa siten ryhm\u00e4n koossa pysymisen.<\/p>\n<\/li>\n<li>Ryhm\u00e4n mukana maan alla on yksi museon opas. Rikastustehtaan vierailu tilattaessa saattaa ryhm\u00e4\u00e4 samoin yksi opas.<\/li>\n<li>Koululaisryhmien osalta on jokaista 10 lasta kohtaan oltava mukana 1 aikuinen saattaja, joka p\u00e4\u00e4see kaivosmuseoon ilmaiseksi.<\/li>\n<\/ul>\n<\/div><\/div><\/div><div class=\"fusion-layout-column fusion_builder_column fusion-builder-column-2 fusion_builder_column_1_1 1_1 fusion-flex-column\" style=\"--awb-bg-size:cover;--awb-width-large:100%;--awb-margin-top-large:0px;--awb-spacing-right-large:1.92%;--awb-margin-bottom-large:20px;--awb-spacing-left-large:1.92%;--awb-width-medium:100%;--awb-order-medium:0;--awb-spacing-right-medium:1.92%;--awb-spacing-left-medium:1.92%;--awb-width-small:100%;--awb-order-small:0;--awb-spacing-right-small:1.92%;--awb-spacing-left-small:1.92%;\"><div class=\"fusion-column-wrapper fusion-column-has-shadow fusion-flex-justify-content-flex-start fusion-content-layout-column\"><div class=\"fusion-title title fusion-title-3 fusion-sep-none fusion-title-text fusion-title-size-five\" style=\"--awb-margin-top-small:0px;--awb-margin-right-small:0px;--awb-margin-bottom-small:10px;--awb-margin-left-small:0px;\"><h5 class=\"fusion-title-heading title-heading-left\" style=\"margin:0;\">Pukeutuminen<\/h5><\/div><div class=\"fusion-text fusion-text-3\"><ul>\n<li>Pyyd\u00e4mme panemaan ylle mukavat vaatteet ja umpinaiset jalkineet. Maanalaisissa k\u00e4yt\u00e4viss\u00e4 l\u00e4mp\u00f6tila on vuoden ymp\u00e4ri +6 \u2013 +8 astetta, ja katosta voi tippua vett\u00e4. T\u00e4m\u00e4n vuoksi annamme jokaiselle vierailijalle kiertok\u00e4ynnin ajaksi l\u00e4mpim\u00e4n takin ja kyp\u00e4r\u00e4n.<\/li>\n<\/ul>\n<\/div><\/div><\/div><div class=\"fusion-layout-column fusion_builder_column fusion-builder-column-3 fusion_builder_column_1_1 1_1 fusion-flex-column\" style=\"--awb-bg-size:cover;--awb-width-large:100%;--awb-margin-top-large:0px;--awb-spacing-right-large:1.92%;--awb-margin-bottom-large:20px;--awb-spacing-left-large:1.92%;--awb-width-medium:100%;--awb-order-medium:0;--awb-spacing-right-medium:1.92%;--awb-spacing-left-medium:1.92%;--awb-width-small:100%;--awb-order-small:0;--awb-spacing-right-small:1.92%;--awb-spacing-left-small:1.92%;\"><div class=\"fusion-column-wrapper fusion-column-has-shadow fusion-flex-justify-content-flex-start fusion-content-layout-column\"><div class=\"fusion-title title fusion-title-4 fusion-sep-none fusion-title-text fusion-title-size-five\" style=\"--awb-margin-top-small:0px;--awb-margin-right-small:0px;--awb-margin-bottom-small:10px;--awb-margin-left-small:0px;\"><h5 class=\"fusion-title-heading title-heading-left\" style=\"margin:0;\">Kesto<\/h5><\/div><div class=\"fusion-text fusion-text-4\"><p>Vierailun kesto ja t\u00e4sm\u00e4llinen aikataulu riippuu jokaisen ryhm\u00e4n tilauksesta, koska voimme tarjota ohjelmaa jopa useaksi p\u00e4iv\u00e4ksi. Tarjoamme esimerkiksi mahdollisuutta nauttia maan alla kaivosmiehen lounaan, osallistua yhteisty\u00f6kumppaneidemme tarjoamiin seikkailuel\u00e4myksiin tai pident\u00e4\u00e4 vierailua lis\u00e4ohjelmillamme. Koko kaivosmuseoon tutustuminen kest\u00e4\u00e4 keskim\u00e4\u00e4rin 4 tuntia ja sis\u00e4lt\u00e4\u00e4 k\u00e4ynnin rikastustehtaalla, vanhassa p\u00e4\u00e4rakennuksessa, maanalaisissa k\u00e4yt\u00e4viss\u00e4 ja museoalueella.<\/p>\n<\/div><\/div><\/div><\/div><\/div>\n","protected":false},"excerpt":{"rendered":"","protected":false},"author":128,"featured_media":0,"parent":22097,"menu_order":0,"comment_status":"closed","ping_status":"closed","template":"","meta":{"footnotes":""},"class_list":["post-22100","page","type-page","status-publish","hentry"],"yoast_head":"<!-- This site is optimized with the Yoast SEO plugin v27.3 - https:\/\/yoast.com\/product\/yoast-seo-wordpress\/ -->\n<title>Vierailijan muistilista - Eesti kaevandusmuuseum<\/title>\n<meta name=\"robots\" content=\"index, follow, max-snippet:-1, max-image-preview:large, max-video-preview:-1\" \/>\n<link rel=\"canonical\" href=\"https:\/\/kaevandusmuuseum.ee\/fi\/info-ja-paasyliput\/vierailijan-muistilista\/\" \/>\n<meta property=\"og:locale\" content=\"fi_FI\" \/>\n<meta property=\"og:type\" content=\"article\" \/>\n<meta property=\"og:title\" content=\"Vierailijan muistilista - Eesti kaevandusmuuseum\" \/>\n<meta property=\"og:url\" content=\"https:\/\/kaevandusmuuseum.ee\/fi\/info-ja-paasyliput\/vierailijan-muistilista\/\" \/>\n<meta property=\"og:site_name\" content=\"Eesti kaevandusmuuseum\" \/>\n<meta property=\"article:publisher\" content=\"https:\/\/www.facebook.com\/kaevandusmuuseum.ee\" \/>\n<meta property=\"article:modified_time\" content=\"2020-12-30T20:30:19+00:00\" \/>\n<meta name=\"twitter:card\" content=\"summary_large_image\" \/>\n<meta name=\"twitter:label1\" content=\"Arvioitu lukuaika\" \/>\n\t<meta name=\"twitter:data1\" content=\"11 minuuttia\" \/>\n<script type=\"application\/ld+json\" class=\"yoast-schema-graph\">{\"@context\":\"https:\\\/\\\/schema.org\",\"@graph\":[{\"@type\":\"WebPage\",\"@id\":\"https:\\\/\\\/kaevandusmuuseum.ee\\\/fi\\\/info-ja-paasyliput\\\/vierailijan-muistilista\\\/\",\"url\":\"https:\\\/\\\/kaevandusmuuseum.ee\\\/fi\\\/info-ja-paasyliput\\\/vierailijan-muistilista\\\/\",\"name\":\"Vierailijan muistilista - Eesti kaevandusmuuseum\",\"isPartOf\":{\"@id\":\"https:\\\/\\\/kaevandusmuuseum.ee\\\/fi\\\/#website\"},\"datePublished\":\"2020-11-19T13:06:15+00:00\",\"dateModified\":\"2020-12-30T20:30:19+00:00\",\"breadcrumb\":{\"@id\":\"https:\\\/\\\/kaevandusmuuseum.ee\\\/fi\\\/info-ja-paasyliput\\\/vierailijan-muistilista\\\/#breadcrumb\"},\"inLanguage\":\"fi\",\"potentialAction\":[{\"@type\":\"ReadAction\",\"target\":[\"https:\\\/\\\/kaevandusmuuseum.ee\\\/fi\\\/info-ja-paasyliput\\\/vierailijan-muistilista\\\/\"]}]},{\"@type\":\"BreadcrumbList\",\"@id\":\"https:\\\/\\\/kaevandusmuuseum.ee\\\/fi\\\/info-ja-paasyliput\\\/vierailijan-muistilista\\\/#breadcrumb\",\"itemListElement\":[{\"@type\":\"ListItem\",\"position\":1,\"name\":\"Home\",\"item\":\"https:\\\/\\\/kaevandusmuuseum.ee\\\/fi\\\/\"},{\"@type\":\"ListItem\",\"position\":2,\"name\":\"Info ja p\u00e4\u00e4syliput\",\"item\":\"https:\\\/\\\/kaevandusmuuseum.ee\\\/fi\\\/info-ja-paasyliput\\\/\"},{\"@type\":\"ListItem\",\"position\":3,\"name\":\"Vierailijan muistilista\"}]},{\"@type\":\"WebSite\",\"@id\":\"https:\\\/\\\/kaevandusmuuseum.ee\\\/fi\\\/#website\",\"url\":\"https:\\\/\\\/kaevandusmuuseum.ee\\\/fi\\\/\",\"name\":\"Eesti kaevandusmuuseum\",\"description\":\"Broneerimiskeskkond\",\"potentialAction\":[{\"@type\":\"SearchAction\",\"target\":{\"@type\":\"EntryPoint\",\"urlTemplate\":\"https:\\\/\\\/kaevandusmuuseum.ee\\\/fi\\\/?s={search_term_string}\"},\"query-input\":{\"@type\":\"PropertyValueSpecification\",\"valueRequired\":true,\"valueName\":\"search_term_string\"}}],\"inLanguage\":\"fi\"}]}<\/script>\n<!-- \/ Yoast SEO plugin. -->","yoast_head_json":{"title":"Vierailijan muistilista - Eesti kaevandusmuuseum","robots":{"index":"index","follow":"follow","max-snippet":"max-snippet:-1","max-image-preview":"max-image-preview:large","max-video-preview":"max-video-preview:-1"},"canonical":"https:\/\/kaevandusmuuseum.ee\/fi\/info-ja-paasyliput\/vierailijan-muistilista\/","og_locale":"fi_FI","og_type":"article","og_title":"Vierailijan muistilista - Eesti kaevandusmuuseum","og_url":"https:\/\/kaevandusmuuseum.ee\/fi\/info-ja-paasyliput\/vierailijan-muistilista\/","og_site_name":"Eesti kaevandusmuuseum","article_publisher":"https:\/\/www.facebook.com\/kaevandusmuuseum.ee","article_modified_time":"2020-12-30T20:30:19+00:00","twitter_card":"summary_large_image","twitter_misc":{"Arvioitu lukuaika":"11 minuuttia"},"schema":{"@context":"https:\/\/schema.org","@graph":[{"@type":"WebPage","@id":"https:\/\/kaevandusmuuseum.ee\/fi\/info-ja-paasyliput\/vierailijan-muistilista\/","url":"https:\/\/kaevandusmuuseum.ee\/fi\/info-ja-paasyliput\/vierailijan-muistilista\/","name":"Vierailijan muistilista - Eesti kaevandusmuuseum","isPartOf":{"@id":"https:\/\/kaevandusmuuseum.ee\/fi\/#website"},"datePublished":"2020-11-19T13:06:15+00:00","dateModified":"2020-12-30T20:30:19+00:00","breadcrumb":{"@id":"https:\/\/kaevandusmuuseum.ee\/fi\/info-ja-paasyliput\/vierailijan-muistilista\/#breadcrumb"},"inLanguage":"fi","potentialAction":[{"@type":"ReadAction","target":["https:\/\/kaevandusmuuseum.ee\/fi\/info-ja-paasyliput\/vierailijan-muistilista\/"]}]},{"@type":"BreadcrumbList","@id":"https:\/\/kaevandusmuuseum.ee\/fi\/info-ja-paasyliput\/vierailijan-muistilista\/#breadcrumb","itemListElement":[{"@type":"ListItem","position":1,"name":"Home","item":"https:\/\/kaevandusmuuseum.ee\/fi\/"},{"@type":"ListItem","position":2,"name":"Info ja p\u00e4\u00e4syliput","item":"https:\/\/kaevandusmuuseum.ee\/fi\/info-ja-paasyliput\/"},{"@type":"ListItem","position":3,"name":"Vierailijan muistilista"}]},{"@type":"WebSite","@id":"https:\/\/kaevandusmuuseum.ee\/fi\/#website","url":"https:\/\/kaevandusmuuseum.ee\/fi\/","name":"Eesti kaevandusmuuseum","description":"Broneerimiskeskkond","potentialAction":[{"@type":"SearchAction","target":{"@type":"EntryPoint","urlTemplate":"https:\/\/kaevandusmuuseum.ee\/fi\/?s={search_term_string}"},"query-input":{"@type":"PropertyValueSpecification","valueRequired":true,"valueName":"search_term_string"}}],"inLanguage":"fi"}]}},"_links":{"self":[{"href":"https:\/\/kaevandusmuuseum.ee\/fi\/wp-json\/wp\/v2\/pages\/22100","targetHints":{"allow":["GET"]}}],"collection":[{"href":"https:\/\/kaevandusmuuseum.ee\/fi\/wp-json\/wp\/v2\/pages"}],"about":[{"href":"https:\/\/kaevandusmuuseum.ee\/fi\/wp-json\/wp\/v2\/types\/page"}],"author":[{"embeddable":true,"href":"https:\/\/kaevandusmuuseum.ee\/fi\/wp-json\/wp\/v2\/users\/128"}],"replies":[{"embeddable":true,"href":"https:\/\/kaevandusmuuseum.ee\/fi\/wp-json\/wp\/v2\/comments?post=22100"}],"version-history":[{"count":5,"href":"https:\/\/kaevandusmuuseum.ee\/fi\/wp-json\/wp\/v2\/pages\/22100\/revisions"}],"predecessor-version":[{"id":23256,"href":"https:\/\/kaevandusmuuseum.ee\/fi\/wp-json\/wp\/v2\/pages\/22100\/revisions\/23256"}],"up":[{"embeddable":true,"href":"https:\/\/kaevandusmuuseum.ee\/fi\/wp-json\/wp\/v2\/pages\/22097"}],"wp:attachment":[{"href":"https:\/\/kaevandusmuuseum.ee\/fi\/wp-json\/wp\/v2\/media?parent=22100"}],"curies":[{"name":"wp","href":"https:\/\/api.w.org\/{rel}","templated":true}]}}