{"id":21838,"date":"2020-11-19T15:13:27","date_gmt":"2020-11-19T13:13:27","guid":{"rendered":"https:\/\/kaevandusmuuseum.veebispetsid.com\/avaliku-korra-eeskiri\/"},"modified":"2020-12-30T22:30:55","modified_gmt":"2020-12-30T20:30:55","slug":"jarjestyssaannot","status":"publish","type":"page","link":"https:\/\/kaevandusmuuseum.ee\/fi\/info-ja-paasyliput\/jarjestyssaannot\/","title":{"rendered":"J\u00e4rjestyss\u00e4\u00e4nn\u00f6t"},"content":{"rendered":"<div class=\"fusion-fullwidth fullwidth-box fusion-builder-row-1 fusion-flex-container nonhundred-percent-fullwidth non-hundred-percent-height-scrolling\" style=\"--awb-border-radius-top-left:0px;--awb-border-radius-top-right:0px;--awb-border-radius-bottom-right:0px;--awb-border-radius-bottom-left:0px;--awb-flex-wrap:wrap;\" ><div class=\"fusion-builder-row fusion-row fusion-flex-align-items-flex-start fusion-flex-content-wrap\" style=\"max-width:1144px;margin-left: calc(-4% \/ 2 );margin-right: calc(-4% \/ 2 );\"><div class=\"fusion-layout-column fusion_builder_column fusion-builder-column-0 fusion_builder_column_1_1 1_1 fusion-flex-column\" style=\"--awb-bg-size:cover;--awb-width-large:100%;--awb-margin-top-large:0px;--awb-spacing-right-large:1.92%;--awb-margin-bottom-large:20px;--awb-spacing-left-large:1.92%;--awb-width-medium:100%;--awb-order-medium:0;--awb-spacing-right-medium:1.92%;--awb-spacing-left-medium:1.92%;--awb-width-small:100%;--awb-order-small:0;--awb-spacing-right-small:1.92%;--awb-spacing-left-small:1.92%;\"><div class=\"fusion-column-wrapper fusion-column-has-shadow fusion-flex-justify-content-flex-start fusion-content-layout-column\"><div class=\"fusion-title title fusion-title-1 fusion-sep-none fusion-title-text fusion-title-size-two\" style=\"--awb-margin-top-small:0px;--awb-margin-right-small:0px;--awb-margin-bottom-small:10px;--awb-margin-left-small:0px;\"><h2 class=\"fusion-title-heading title-heading-left\" style=\"margin:0;\">J\u00e4rjestyss\u00e4\u00e4nn\u00f6t<\/h2><\/div><div class=\"fusion-separator fusion-full-width-sep\" style=\"align-self: center;margin-left: auto;margin-right: auto;margin-top:20px;margin-bottom:20px;width:100%;\"><div class=\"fusion-separator-border sep-single sep-solid\" style=\"--awb-height:20px;--awb-amount:20px;--awb-sep-color:#ffc107;border-color:#ffc107;border-top-width:6px;\"><\/div><\/div><\/div><\/div><div class=\"fusion-layout-column fusion_builder_column fusion-builder-column-1 fusion_builder_column_1_1 1_1 fusion-flex-column\" style=\"--awb-bg-size:cover;--awb-width-large:100%;--awb-margin-top-large:0px;--awb-spacing-right-large:1.92%;--awb-margin-bottom-large:20px;--awb-spacing-left-large:1.92%;--awb-width-medium:100%;--awb-order-medium:0;--awb-spacing-right-medium:1.92%;--awb-spacing-left-medium:1.92%;--awb-width-small:100%;--awb-order-small:0;--awb-spacing-right-small:1.92%;--awb-spacing-left-small:1.92%;\"><div class=\"fusion-column-wrapper fusion-column-has-shadow fusion-flex-justify-content-flex-start fusion-content-layout-column\"><div class=\"fusion-text fusion-text-1\"><p>Viron kaivosmuseon j\u00e4rjestyss\u00e4\u00e4nn\u00f6t. <span style=\"background-color: rgba(255, 255, 255, 0); color: var(--body_typography-color); font-family: var(--body_typography-font-family); font-size: var(--body_typography-font-size); font-style: var(--body_typography-font-style,normal); font-weight: var(--body_typography-font-weight); letter-spacing: var(--body_typography-letter-spacing);\">Museossa ovat voimassa Toilan kunnan j\u00e4rjestyss\u00e4\u00e4nn\u00f6t, <a href=\"https:\/\/toila.kovtp.ee\/uldinfo\" target=\"_blank\" rel=\"noopener noreferrer\">jotka ovat esill\u00e4 osoitteessa<\/a>.<\/span><\/p>\n<\/div><div class=\"fusion-title title fusion-title-2 fusion-sep-none fusion-title-text fusion-title-size-five\" style=\"--awb-margin-bottom:0px;--awb-margin-top-small:0px;--awb-margin-right-small:0px;--awb-margin-bottom-small:10px;--awb-margin-left-small:0px;\"><h5 class=\"fusion-title-heading title-heading-left\" style=\"margin:0;\">1. Yleist\u00e4<\/h5><\/div><div class=\"fusion-text fusion-text-2\"><ol>\n<li>Viron kaivosmuseon j\u00e4rjestyss\u00e4\u00e4nn\u00f6t (j\u00e4ljemp\u00e4n\u00e4 s\u00e4\u00e4nn\u00f6t) s\u00e4\u00e4t\u00e4\u00e4 s\u00e4\u00e4nn\u00f6t Viron kaivosmuseon (j\u00e4ljemp\u00e4n\u00e4 kaivosmuseon) aidalla aidatulla alueella julkisen j\u00e4rjestyksen takaamiseksi ja kaivosmuseon k\u00e4yt\u00f6ss\u00e4 olevan omaisuuden s\u00e4ilytt\u00e4miseksi.<\/li>\n<li>Julkisia tiloja ovat yleisk\u00e4ytt\u00f6inen alue, rakennukset ja tilat.<\/li>\n<li>S\u00e4\u00e4nn\u00f6t ovat voimassa Viron kaivosmuseon alueella, ja kaikkien alueella oleskelevien henkil\u00f6iden ja siell\u00e4 toimivien juridisten henkil\u00f6iden on noudatettava niit\u00e4.<\/li>\n<\/ol>\n<\/div><div class=\"fusion-title title fusion-title-3 fusion-sep-none fusion-title-text fusion-title-size-five\" style=\"--awb-margin-bottom:0px;--awb-margin-top-small:0px;--awb-margin-right-small:0px;--awb-margin-bottom-small:10px;--awb-margin-left-small:0px;\"><h5 class=\"fusion-title-heading title-heading-left\" style=\"margin:0;\">2. J\u00e4rjestyss\u00e4\u00e4nn\u00f6t<\/h5><\/div><div class=\"fusion-text fusion-text-3\"><p>Jokaisen velvollisuus on k\u00e4ytt\u00e4yty\u00e4 kaivosmuseon alueella siten, ett\u00e4 j\u00e4rjestyss\u00e4\u00e4nt\u00f6jen vaatimukset ja toisten ihmisten turvallisuus taataan hyvien tapojen mukaisesti.<\/p>\n<p><b>Kielletty\u00e4 on:<\/b><\/p>\n<ol>\n<li>kaivosmuseon alueella toisten ihmisten pahantahtoinen h\u00e4iritseminen, meluaminen, siivottomien ilmaisujen k\u00e4ytt\u00f6 ja muu ihmisten rauhan, siveyden ja turvallisuuden tunnetta h\u00e4iritsev\u00e4 tai muulla tavoin ihmisarvoa alentava k\u00e4yt\u00f6s<\/li>\n<li>tupakoiminen alueella sijaitsevien rakennusten yhteisiss\u00e4 tiloissa tupakointiin merkitsem\u00e4tt\u00f6mill\u00e4 paikoilla<\/li>\n<li>oleskeleminen kaivosmuseon alueella klo 22\u201306 (lukuun ottamatta onnettomuustapaukset, yleis\u00f6tapahtumat tms.), ellei siihen ole erillist\u00e4 lupaa<\/li>\n<li>oleskeleminen alueella sellaisessa juopumustilassa, joka loukkaa ihmisarvoa ja yhteiskunnan moraalia<\/li>\n<li>moottoriajoneuvolla ajaminen kaivosmuseon aitauksella rajatulla alueella (paitsi kaivosmuseon luvalla)<\/li>\n<li>liikennemerkkien, viittojen, mainos- ja ilmoitustaulujen, katuvalojen, roskakorien tai muun julkisessa k\u00e4yt\u00f6ss\u00e4 olevan omaisuuden rikkominen tai siirt\u00e4minen omatoimisesti kaivosmuseon alueella<\/li>\n<li>kaivosmuseon alueella sijaitsevien vierailijoiden h\u00e4iritseminen kaupustelemalla, tuotteita tarjoamalla, kerj\u00e4\u00e4m\u00e4ll\u00e4 tai propagandatoiminnalla<\/li>\n<li>kova\u00e4\u00e4nisen musiikin kuunteleminen alueella, mik\u00e4li se h\u00e4iritsee toisten rauhaa (paitsi julkiset tilaisuudet)<\/li>\n<li>oleskeleminen alueella koiran kanssa, jolla ei ole talutushihnaa; tarvittaessa k\u00e4ytet\u00e4\u00e4n kuonokoppaa. Ilman hihnaa ja kuonokoppaa voivat julkisella paikalla liikkua palveluteht\u00e4vi\u00e4 t\u00e4ytt\u00e4ess\u00e4\u00e4n kyseisten viranomaisten koirat. Lemmikkiel\u00e4imen omistaja on velvollinen valvomaan, ettei h\u00e4nen el\u00e4imens\u00e4 saastuttaisi rakennuksia, talojen k\u00e4yt\u00e4vi\u00e4, rappuk\u00e4yt\u00e4vi\u00e4, jalankulkuteit\u00e4, viheralueita, lasten hiekkalaatikoita tai muita julkisia tiloja. Omistaja on velvollinen siivoamaan huoltamansa el\u00e4imen aiheuttamat j\u00e4tteet.<\/li>\n<li>nuotion sytytt\u00e4minen kaivosmuseon alueella (paitsi museon luvalla)<\/li>\n<li>alkoholijuomien, juovuttavien aineiden tai tupakkatuotteiden myyminen, ostaminen tai luovuttaminen alle 18-vuotiaalle<\/li>\n<li>kumipatjojen, kumiveneiden tai muiden apuv\u00e4lineiden k\u00e4ytt\u00e4minen kaivosmuseon uimalammessa uimiseen.<\/li>\n<li>roskien, kivien tms. esineiden uimalampeen viskaaminen<\/li>\n<li>koiran tai kissan uittaminen julkisella uimapaikalla. Kaivosmuseon uimalammen k\u00e4ytt\u00f6 on k\u00e4ytt\u00e4j\u00e4n vastuulla.<\/li>\n<\/ol>\n<\/div><div class=\"fusion-title title fusion-title-4 fusion-sep-none fusion-title-text fusion-title-size-five\" style=\"--awb-margin-bottom:0px;--awb-margin-top-small:0px;--awb-margin-right-small:0px;--awb-margin-bottom-small:10px;--awb-margin-left-small:0px;\"><h5 class=\"fusion-title-heading title-heading-left\" style=\"margin:0;\">3. J\u00e4rjestyss\u00e4\u00e4nn\u00f6t alaik\u00e4isille<\/h5><\/div><div class=\"fusion-text fusion-text-4\"><ol>\n<li>Alaik\u00e4iset ovat velvollisia noudattamaan kaivosmuseon julkisen j\u00e4rjestyksen s\u00e4\u00e4nt\u00f6j\u00e4. Alaik\u00e4isten vanhemmat, huoltajat tai holhoojat vastaavat lasten aiheuttamista oikeuden vastaisista teoista laissa s\u00e4\u00e4detyll\u00e4 tavalla.<\/li>\n<li>Kaivosmuseon oleskelualueella ja uimalammen luona oleskelu tapahtuu omalla vastuulla. Vastuu suoritetuista teosta on lasten vanhemmilla, huoltajilla tai holhoojilla.<\/li>\n<li>Alle 18-vuotiaan on kielletty\u00e4 pit\u00e4\u00e4 hallussaan tai k\u00e4ytt\u00e4\u00e4 alkoholijuomia, juovuttavia aineita tai tupakkatuotteita.<\/li>\n<\/ol>\n<\/div><div class=\"fusion-title title fusion-title-5 fusion-sep-none fusion-title-text fusion-title-size-five\" style=\"--awb-margin-bottom:0px;--awb-margin-top-small:0px;--awb-margin-right-small:0px;--awb-margin-bottom-small:10px;--awb-margin-left-small:0px;\"><h5 class=\"fusion-title-heading title-heading-left\" style=\"margin:0;\">4. Kaupank\u00e4ynnin ja julkisten tilaisuuksien s\u00e4\u00e4nn\u00f6t<\/h5><\/div><div class=\"fusion-text fusion-text-5\"><ol>\n<li>Kaupank\u00e4ynti ja palvelujen tarjoaminen kaivosmuseon alueella on sallittua vain my\u00f6nnetyn kaupank\u00e4ynti- tai myyntiluvan perusteella tiettyin\u00e4 aikoina ja ehdoilla.<\/li>\n<li>Kaivosmuseon alueella tai julkisissa rakennuksissa tapahtuvien julkisten tilaisuuksien (tanssijuhlat, ulkoilmakonsertit, kansanjuhlat, markkinat, urheilukilpailut tms.) j\u00e4rjest\u00e4miseen tarvitaan Toilan kunnanhallituksen (j\u00e4ljemp\u00e4n\u00e4 kunnanhallitus) ja poliisin kirjallinen lupa v\u00e4hint\u00e4\u00e4n seitsem\u00e4n p\u00e4iv\u00e4\u00e4 ennen tapahtuman alkua. Kaivosmuseon, kunnanhallituksen ja poliisin m\u00e4\u00e4r\u00e4\u00e4m\u00e4t ehdot ovat j\u00e4rjest\u00e4ji\u00e4 velvoittavia.<\/li>\n<li>Alaik\u00e4isille tarkoitetuissa tapahtumissa on kielletty\u00e4 myyd\u00e4 tai k\u00e4ytt\u00e4\u00e4 alkoholijuomia tai tupakkatuotteita tai oleskella sellaisessa tapahtumassa alkoholin tms. vaikutuksen alaisena.<\/li>\n<li>Alaik\u00e4isille tarkoitettujen tapahtumien j\u00e4rjest\u00e4jien on katsottava, ett\u00e4 tapahtuma p\u00e4\u00e4ttyy v\u00e4hint\u00e4\u00e4n puoli tuntia ennen n\u00e4iden s\u00e4\u00e4nt\u00f6jen kohdassa 2.3. s\u00e4\u00e4detyn rajoituksen alkua.<\/li>\n<li>Alaik\u00e4isten tapahtumissa on julkisen j\u00e4rjestyksen yll\u00e4pidosta vastuussa kunkin tapahtuman j\u00e4rjest\u00e4j\u00e4.<\/li>\n<\/ol>\n<\/div><div class=\"fusion-title title fusion-title-6 fusion-sep-none fusion-title-text fusion-title-size-five\" style=\"--awb-margin-bottom:0px;--awb-margin-top-small:0px;--awb-margin-right-small:0px;--awb-margin-bottom-small:10px;--awb-margin-left-small:0px;\"><h5 class=\"fusion-title-heading title-heading-left\" style=\"margin:0;\">5. Vastuu ja valvonta<\/h5><\/div><div class=\"fusion-text fusion-text-6\"><ol>\n<li>S\u00e4\u00e4nt\u00f6jen rikkomisesta vastaavat syylliset rikoslain ja hallinnollisen rikkeen lain mukaisesti<\/li>\n<li>S\u00e4\u00e4nn\u00f6iss\u00e4 s\u00e4\u00e4dettyjen rikkeiden tuomioistuimen ulkopuolinen k\u00e4sittelij\u00e4 on Toilan kunnanhallitus ja It\u00e4-Virumaan poliisiprefektuuri.<\/li>\n<\/ol>\n<\/div><\/div><\/div><\/div><\/div>\n","protected":false},"excerpt":{"rendered":"","protected":false},"author":128,"featured_media":0,"parent":22097,"menu_order":0,"comment_status":"closed","ping_status":"closed","template":"","meta":{"footnotes":""},"class_list":["post-21838","page","type-page","status-publish","hentry"],"yoast_head":"<!-- This site is optimized with the Yoast SEO plugin v27.3 - https:\/\/yoast.com\/product\/yoast-seo-wordpress\/ -->\n<title>J\u00e4rjestyss\u00e4\u00e4nn\u00f6t - Eesti kaevandusmuuseum<\/title>\n<meta name=\"robots\" content=\"index, follow, max-snippet:-1, max-image-preview:large, max-video-preview:-1\" \/>\n<link rel=\"canonical\" href=\"https:\/\/kaevandusmuuseum.ee\/fi\/info-ja-paasyliput\/jarjestyssaannot\/\" \/>\n<meta property=\"og:locale\" content=\"fi_FI\" \/>\n<meta property=\"og:type\" content=\"article\" \/>\n<meta property=\"og:title\" content=\"J\u00e4rjestyss\u00e4\u00e4nn\u00f6t - Eesti kaevandusmuuseum\" \/>\n<meta property=\"og:url\" content=\"https:\/\/kaevandusmuuseum.ee\/fi\/info-ja-paasyliput\/jarjestyssaannot\/\" \/>\n<meta property=\"og:site_name\" content=\"Eesti kaevandusmuuseum\" \/>\n<meta property=\"article:publisher\" content=\"https:\/\/www.facebook.com\/kaevandusmuuseum.ee\" \/>\n<meta property=\"article:modified_time\" content=\"2020-12-30T20:30:55+00:00\" \/>\n<meta name=\"twitter:card\" content=\"summary_large_image\" \/>\n<meta name=\"twitter:label1\" content=\"Arvioitu lukuaika\" \/>\n\t<meta name=\"twitter:data1\" content=\"13 minuuttia\" \/>\n<script type=\"application\/ld+json\" class=\"yoast-schema-graph\">{\"@context\":\"https:\\\/\\\/schema.org\",\"@graph\":[{\"@type\":\"WebPage\",\"@id\":\"https:\\\/\\\/kaevandusmuuseum.ee\\\/fi\\\/info-ja-paasyliput\\\/jarjestyssaannot\\\/\",\"url\":\"https:\\\/\\\/kaevandusmuuseum.ee\\\/fi\\\/info-ja-paasyliput\\\/jarjestyssaannot\\\/\",\"name\":\"J\u00e4rjestyss\u00e4\u00e4nn\u00f6t - Eesti kaevandusmuuseum\",\"isPartOf\":{\"@id\":\"https:\\\/\\\/kaevandusmuuseum.ee\\\/fi\\\/#website\"},\"datePublished\":\"2020-11-19T13:13:27+00:00\",\"dateModified\":\"2020-12-30T20:30:55+00:00\",\"breadcrumb\":{\"@id\":\"https:\\\/\\\/kaevandusmuuseum.ee\\\/fi\\\/info-ja-paasyliput\\\/jarjestyssaannot\\\/#breadcrumb\"},\"inLanguage\":\"fi\",\"potentialAction\":[{\"@type\":\"ReadAction\",\"target\":[\"https:\\\/\\\/kaevandusmuuseum.ee\\\/fi\\\/info-ja-paasyliput\\\/jarjestyssaannot\\\/\"]}]},{\"@type\":\"BreadcrumbList\",\"@id\":\"https:\\\/\\\/kaevandusmuuseum.ee\\\/fi\\\/info-ja-paasyliput\\\/jarjestyssaannot\\\/#breadcrumb\",\"itemListElement\":[{\"@type\":\"ListItem\",\"position\":1,\"name\":\"Home\",\"item\":\"https:\\\/\\\/kaevandusmuuseum.ee\\\/fi\\\/\"},{\"@type\":\"ListItem\",\"position\":2,\"name\":\"Info ja p\u00e4\u00e4syliput\",\"item\":\"https:\\\/\\\/kaevandusmuuseum.ee\\\/fi\\\/info-ja-paasyliput\\\/\"},{\"@type\":\"ListItem\",\"position\":3,\"name\":\"J\u00e4rjestyss\u00e4\u00e4nn\u00f6t\"}]},{\"@type\":\"WebSite\",\"@id\":\"https:\\\/\\\/kaevandusmuuseum.ee\\\/fi\\\/#website\",\"url\":\"https:\\\/\\\/kaevandusmuuseum.ee\\\/fi\\\/\",\"name\":\"Eesti kaevandusmuuseum\",\"description\":\"Broneerimiskeskkond\",\"potentialAction\":[{\"@type\":\"SearchAction\",\"target\":{\"@type\":\"EntryPoint\",\"urlTemplate\":\"https:\\\/\\\/kaevandusmuuseum.ee\\\/fi\\\/?s={search_term_string}\"},\"query-input\":{\"@type\":\"PropertyValueSpecification\",\"valueRequired\":true,\"valueName\":\"search_term_string\"}}],\"inLanguage\":\"fi\"}]}<\/script>\n<!-- \/ Yoast SEO plugin. -->","yoast_head_json":{"title":"J\u00e4rjestyss\u00e4\u00e4nn\u00f6t - Eesti kaevandusmuuseum","robots":{"index":"index","follow":"follow","max-snippet":"max-snippet:-1","max-image-preview":"max-image-preview:large","max-video-preview":"max-video-preview:-1"},"canonical":"https:\/\/kaevandusmuuseum.ee\/fi\/info-ja-paasyliput\/jarjestyssaannot\/","og_locale":"fi_FI","og_type":"article","og_title":"J\u00e4rjestyss\u00e4\u00e4nn\u00f6t - Eesti kaevandusmuuseum","og_url":"https:\/\/kaevandusmuuseum.ee\/fi\/info-ja-paasyliput\/jarjestyssaannot\/","og_site_name":"Eesti kaevandusmuuseum","article_publisher":"https:\/\/www.facebook.com\/kaevandusmuuseum.ee","article_modified_time":"2020-12-30T20:30:55+00:00","twitter_card":"summary_large_image","twitter_misc":{"Arvioitu lukuaika":"13 minuuttia"},"schema":{"@context":"https:\/\/schema.org","@graph":[{"@type":"WebPage","@id":"https:\/\/kaevandusmuuseum.ee\/fi\/info-ja-paasyliput\/jarjestyssaannot\/","url":"https:\/\/kaevandusmuuseum.ee\/fi\/info-ja-paasyliput\/jarjestyssaannot\/","name":"J\u00e4rjestyss\u00e4\u00e4nn\u00f6t - Eesti kaevandusmuuseum","isPartOf":{"@id":"https:\/\/kaevandusmuuseum.ee\/fi\/#website"},"datePublished":"2020-11-19T13:13:27+00:00","dateModified":"2020-12-30T20:30:55+00:00","breadcrumb":{"@id":"https:\/\/kaevandusmuuseum.ee\/fi\/info-ja-paasyliput\/jarjestyssaannot\/#breadcrumb"},"inLanguage":"fi","potentialAction":[{"@type":"ReadAction","target":["https:\/\/kaevandusmuuseum.ee\/fi\/info-ja-paasyliput\/jarjestyssaannot\/"]}]},{"@type":"BreadcrumbList","@id":"https:\/\/kaevandusmuuseum.ee\/fi\/info-ja-paasyliput\/jarjestyssaannot\/#breadcrumb","itemListElement":[{"@type":"ListItem","position":1,"name":"Home","item":"https:\/\/kaevandusmuuseum.ee\/fi\/"},{"@type":"ListItem","position":2,"name":"Info ja p\u00e4\u00e4syliput","item":"https:\/\/kaevandusmuuseum.ee\/fi\/info-ja-paasyliput\/"},{"@type":"ListItem","position":3,"name":"J\u00e4rjestyss\u00e4\u00e4nn\u00f6t"}]},{"@type":"WebSite","@id":"https:\/\/kaevandusmuuseum.ee\/fi\/#website","url":"https:\/\/kaevandusmuuseum.ee\/fi\/","name":"Eesti kaevandusmuuseum","description":"Broneerimiskeskkond","potentialAction":[{"@type":"SearchAction","target":{"@type":"EntryPoint","urlTemplate":"https:\/\/kaevandusmuuseum.ee\/fi\/?s={search_term_string}"},"query-input":{"@type":"PropertyValueSpecification","valueRequired":true,"valueName":"search_term_string"}}],"inLanguage":"fi"}]}},"_links":{"self":[{"href":"https:\/\/kaevandusmuuseum.ee\/fi\/wp-json\/wp\/v2\/pages\/21838","targetHints":{"allow":["GET"]}}],"collection":[{"href":"https:\/\/kaevandusmuuseum.ee\/fi\/wp-json\/wp\/v2\/pages"}],"about":[{"href":"https:\/\/kaevandusmuuseum.ee\/fi\/wp-json\/wp\/v2\/types\/page"}],"author":[{"embeddable":true,"href":"https:\/\/kaevandusmuuseum.ee\/fi\/wp-json\/wp\/v2\/users\/128"}],"replies":[{"embeddable":true,"href":"https:\/\/kaevandusmuuseum.ee\/fi\/wp-json\/wp\/v2\/comments?post=21838"}],"version-history":[{"count":10,"href":"https:\/\/kaevandusmuuseum.ee\/fi\/wp-json\/wp\/v2\/pages\/21838\/revisions"}],"predecessor-version":[{"id":23258,"href":"https:\/\/kaevandusmuuseum.ee\/fi\/wp-json\/wp\/v2\/pages\/21838\/revisions\/23258"}],"up":[{"embeddable":true,"href":"https:\/\/kaevandusmuuseum.ee\/fi\/wp-json\/wp\/v2\/pages\/22097"}],"wp:attachment":[{"href":"https:\/\/kaevandusmuuseum.ee\/fi\/wp-json\/wp\/v2\/media?parent=21838"}],"curies":[{"name":"wp","href":"https:\/\/api.w.org\/{rel}","templated":true}]}}