{"id":21811,"date":"2020-11-18T13:23:30","date_gmt":"2020-11-18T11:23:30","guid":{"rendered":"https:\/\/kaevandusmuuseum.veebispetsid.com\/elamused\/vaba-aja-voimalused\/"},"modified":"2025-02-21T09:46:33","modified_gmt":"2025-02-21T07:46:33","slug":"vapaa-ajanvietto","status":"publish","type":"page","link":"https:\/\/kaevandusmuuseum.ee\/fi\/elamykset\/vapaa-ajanvietto\/","title":{"rendered":"Vapaa-ajanvietto"},"content":{"rendered":"<div class=\"fusion-fullwidth fullwidth-box fusion-builder-row-1 nonhundred-percent-fullwidth non-hundred-percent-height-scrolling\" style=\"--awb-border-radius-top-left:0px;--awb-border-radius-top-right:0px;--awb-border-radius-bottom-right:0px;--awb-border-radius-bottom-left:0px;--awb-flex-wrap:wrap;\" ><div class=\"fusion-builder-row fusion-row\"><div class=\"fusion-layout-column fusion_builder_column fusion-builder-column-0 fusion_builder_column_1_1 1_1 fusion-one-full fusion-column-first fusion-column-last\" style=\"--awb-bg-size:cover;\"><div class=\"fusion-column-wrapper fusion-column-has-shadow fusion-flex-column-wrapper-legacy\"><div class=\"fusion-title title fusion-title-1 fusion-sep-none fusion-title-text fusion-title-size-two\" style=\"--awb-margin-top-small:0px;--awb-margin-right-small:0px;--awb-margin-bottom-small:10px;--awb-margin-left-small:0px;\"><h2 class=\"fusion-title-heading title-heading-left\" style=\"margin:0;\">Vapaa-ajanvietto<\/h2><\/div><div class=\"fusion-menu-anchor\"><\/div><div class=\"fusion-clearfix\"><\/div><\/div><\/div><div class=\"fusion-layout-column fusion_builder_column fusion-builder-column-1 fusion_builder_column_3_5 3_5 fusion-three-fifth fusion-column-first\" style=\"--awb-overflow:hidden;--awb-bg-position:center bottom;--awb-bg-size:cover;--awb-border-radius:7px 7px 7px 7px;width:60%;width:calc(60% - ( ( 2.5% ) * 0.6 ) );margin-right: 2.5%;\"><div class=\"fusion-column-wrapper fusion-column-has-shadow fusion-flex-column-wrapper-legacy\"><div class=\"fusion-title title fusion-title-2 fusion-sep-none fusion-title-text fusion-title-size-two\" style=\"--awb-margin-top-small:0px;--awb-margin-right-small:0px;--awb-margin-bottom-small:10px;--awb-margin-left-small:0px;\"><h2 class=\"fusion-title-heading title-heading-left\" style=\"margin:0;\">Rullaluistinrata ja skeittiparkki<\/h2><\/div><div class=\"fusion-text fusion-text-1\"><p>Peruskorjatun rikastustehtaan takana on kaikille liikunnan harrastajille tarkoitettu erityinen asfalttirata, joka valmistui syksyll\u00e4 2006 ollen tuolloin ensimm\u00e4inen laatuaan koko It\u00e4-Virumaan alueella. Suosituksi harjoittelupaikaksi tullut 1,6 kilometrin pituinen ja 3 metri\u00e4 leve\u00e4 rata sopii sek\u00e4 rullaluistelijoille, polkupy\u00f6r\u00e4ilij\u00f6ille ett\u00e4 sauvak\u00e4velyn harrastajille.<\/p>\n<p>Kaivosmuseon l\u00e4hell\u00e4 sijaitseva skeittiparkki on avoinna klo 9\u201321.<\/p>\n<\/div><div class=\"fusion-sep-clear\"><\/div><div class=\"fusion-separator fusion-full-width-sep\" style=\"margin-left: auto;margin-right: auto;margin-top:25px;margin-bottom:25px;width:100%;\"><div class=\"fusion-separator-border sep-single sep-solid\" style=\"--awb-height:20px;--awb-amount:20px;--awb-sep-color:#607d8b;border-color:#607d8b;border-top-width:1px;\"><\/div><\/div><div class=\"fusion-sep-clear\"><\/div><div class=\"fusion-title title fusion-title-3 fusion-sep-none fusion-title-text fusion-title-size-two\" style=\"--awb-margin-top-small:0px;--awb-margin-right-small:0px;--awb-margin-bottom-small:10px;--awb-margin-left-small:0px;\"><h2 class=\"fusion-title-heading title-heading-left\" style=\"margin:0;\">Ilmainen fresbeegolf-rata<\/h2><\/div><div class=\"fusion-text fusion-text-2\"><p>Kohtla-N\u00f5mmen kaivoksen ymp\u00e4rille rakennettu 9 korin fresbeegolf-rata sopii aloittelijoille, mutta radan vieress\u00e4 oleva lampi tarjoaa haasteita my\u00f6s kokeneille pelaajille. Radat ovat 50\u201395 metrin pituisia.<\/p>\n<p>Kohtla-N\u00f5mmen radalla voi pelata joka p\u00e4iv\u00e4 klo 9\u201321, mukaan on otettava omat varusteet.<\/p>\n<\/div><div class=\"fusion-sep-clear\"><\/div><div class=\"fusion-separator fusion-full-width-sep\" style=\"margin-left: auto;margin-right: auto;margin-top:25px;margin-bottom:25px;width:100%;\"><div class=\"fusion-separator-border sep-single sep-solid\" style=\"--awb-height:20px;--awb-amount:20px;--awb-sep-color:#607d8b;border-color:#607d8b;border-top-width:1px;\"><\/div><\/div><div class=\"fusion-sep-clear\"><\/div><div class=\"fusion-title title fusion-title-4 fusion-sep-none fusion-title-text fusion-title-size-two\" style=\"--awb-margin-top-small:0px;--awb-margin-right-small:0px;--awb-margin-bottom-small:10px;--awb-margin-left-small:0px;\"><h2 class=\"fusion-title-heading title-heading-left\" style=\"margin:0;\">Ilmainen kuntoilualue<\/h2><\/div><div class=\"fusion-text fusion-text-3\"><p>Kaivosmuseon vieress\u00e4 on kuntoilualue, jota saavat k\u00e4ytt\u00e4\u00e4 kaikki kiinnostuneet joka p\u00e4iv\u00e4 klo 9\u201321.<\/p>\n<\/div><div class=\"fusion-sep-clear\"><\/div><div class=\"fusion-separator fusion-full-width-sep\" style=\"margin-left: auto;margin-right: auto;margin-top:25px;margin-bottom:25px;width:100%;\"><div class=\"fusion-separator-border sep-single sep-solid\" style=\"--awb-height:20px;--awb-amount:20px;--awb-sep-color:#607d8b;border-color:#607d8b;border-top-width:1px;\"><\/div><\/div><div class=\"fusion-sep-clear\"><\/div><div class=\"fusion-title title fusion-title-5 fusion-sep-none fusion-title-text fusion-title-size-two\" style=\"--awb-margin-top-small:0px;--awb-margin-right-small:0px;--awb-margin-bottom-small:10px;--awb-margin-left-small:0px;\"><h2 class=\"fusion-title-heading title-heading-left\" style=\"margin:0;\">Ilmaiset luontopolut<\/h2><\/div><div class=\"fusion-text fusion-text-4\"><p>Viro 100 -juhlavuonna avasi Viron Mets\u00e4hallitus (Riigimetsa Majandamise Keskus, RMK) luontopolun v\u00e4lill\u00e4 Penij\u00f5e-Aegviidu-Kauksi. 614 kilometrin pituinen luontopolku kulkee kuuden maakunnan, kahden kansallispuiston ja usean luonnonsuojelualueen l\u00e4pi. Polku alkaa Penij\u00f5en kartanolta Matsalun kansallispuistosta, kulkee L\u00e4nsi-Virumaan Neerutin m\u00e4kien kautta kohti It\u00e4-Virumaata, jossa matkan varrelle j\u00e4\u00e4v\u00e4t teollisuusmaastot Kivi\u00f5lin ja P\u00fcssin ruskohiili- ja tuhkavuorineen, Aidun louhos ja Viron kaivosmuseo. Polku kiemurtelee my\u00f6s pohjoisrannikolla, kulkee Sinim\u00e4en sotakenttien l\u00e4pi ja p\u00e4\u00e4tyy Alutagusen metsien kautta lopulta p\u00e4\u00e4t\u00f6spisteeseen Kauksiin.<\/p>\n<\/div><div class=\"fusion-sep-clear\"><\/div><div class=\"fusion-separator fusion-full-width-sep\" style=\"margin-left: auto;margin-right: auto;margin-top:25px;margin-bottom:25px;width:100%;\"><div class=\"fusion-separator-border sep-single sep-solid\" style=\"--awb-height:20px;--awb-amount:20px;--awb-sep-color:#607d8b;border-color:#607d8b;border-top-width:1px;\"><\/div><\/div><div class=\"fusion-sep-clear\"><\/div><div class=\"fusion-title title fusion-title-6 fusion-sep-none fusion-title-text fusion-title-size-two\" style=\"--awb-margin-top-small:0px;--awb-margin-right-small:0px;--awb-margin-bottom-small:10px;--awb-margin-left-small:0px;\"><h2 class=\"fusion-title-heading title-heading-left\" style=\"margin:0;\">Talvikeskus<\/h2><\/div><div class=\"fusion-text fusion-text-5\"><p>Kaatopaikalle rakennettu talvikeskus koostuu pienest\u00e4 putkirinteest\u00e4 kovan lumen sattuessa.<\/p>\n<p>Snowtubing eli kumirenkaalla vuorelta alas liukuminen tarjoaa naurua ja hauskanpitoa ja saa lasten ja lapsenmielisten, nuorten ja vanhojen syd\u00e4met lepattamaan ilosta. Tuubim\u00e4en reitin enimm\u00e4ispituus on 30 metri\u00e4. Ei ole hissi\u00e4.<\/p>\n<\/div><div class=\"fusion-clearfix\"><\/div><\/div><\/div><div class=\"fusion-layout-column fusion_builder_column fusion-builder-column-2 fusion_builder_column_2_5 2_5 fusion-two-fifth fusion-column-last\" style=\"--awb-bg-position:center bottom;--awb-bg-size:cover;width:40%;width:calc(40% - ( ( 2.5% ) * 0.4 ) );\"><div class=\"fusion-column-wrapper fusion-column-has-shadow fusion-flex-column-wrapper-legacy\"><div class=\"fusion-sep-clear\"><\/div><div class=\"fusion-separator fusion-full-width-sep\" style=\"margin-left: auto;margin-right: auto;margin-bottom:25px;width:100%;\"><div class=\"fusion-separator-border sep-double\" style=\"--awb-height:20px;--awb-amount:20px;border-color:rgba(255,252,252,0);border-top-width:0px;border-bottom-width:0px;\"><\/div><\/div><div class=\"fusion-sep-clear\"><\/div><div class=\"awb-gallery-wrapper awb-gallery-wrapper-1 button-span-no\"><div style=\"margin:-5px;--awb-bordersize:0px;\" class=\"fusion-gallery fusion-gallery-container fusion-grid-1 fusion-columns-total-7 fusion-gallery-layout-grid fusion-gallery-1\"><div style=\"padding:5px;\" class=\"fusion-grid-column fusion-gallery-column fusion-gallery-column-1 hover-type-zoomin\"><div class=\"fusion-gallery-image\"><a href=\"https:\/\/kaevandusmuuseum.ee\/wp-content\/uploads\/2020\/12\/Romantika.jpg\" rel=\"noreferrer\" data-rel=\"iLightbox[gallery_image_1]\" class=\"fusion-lightbox\" target=\"_self\"><img decoding=\"async\" src=\"https:\/\/kaevandusmuuseum.ee\/wp-content\/uploads\/2020\/12\/Romantika.jpg\" width=\"1600\" height=\"1066\" alt=\"\" title=\"Romantika\" aria-label=\"Romantika\" class=\"img-responsive wp-image-21719\" srcset=\"https:\/\/kaevandusmuuseum.ee\/wp-content\/uploads\/2020\/12\/Romantika-200x133.jpg 200w, https:\/\/kaevandusmuuseum.ee\/wp-content\/uploads\/2020\/12\/Romantika-400x267.jpg 400w, https:\/\/kaevandusmuuseum.ee\/wp-content\/uploads\/2020\/12\/Romantika-600x400.jpg 600w, https:\/\/kaevandusmuuseum.ee\/wp-content\/uploads\/2020\/12\/Romantika-800x533.jpg 800w, https:\/\/kaevandusmuuseum.ee\/wp-content\/uploads\/2020\/12\/Romantika-1200x800.jpg 1200w, https:\/\/kaevandusmuuseum.ee\/wp-content\/uploads\/2020\/12\/Romantika.jpg 1600w\" sizes=\"(min-width: 2200px) 100vw, (min-width: 640px) 1100px, \" \/><\/a><\/div><\/div><div class=\"clearfix\"><\/div><div style=\"padding:5px;\" class=\"fusion-grid-column fusion-gallery-column fusion-gallery-column-1 hover-type-zoomin\"><div class=\"fusion-gallery-image\"><a href=\"https:\/\/kaevandusmuuseum.ee\/wp-content\/uploads\/2020\/12\/vaba-aeg_rollerskate.jpg\" rel=\"noreferrer\" data-rel=\"iLightbox[gallery_image_1]\" class=\"fusion-lightbox\" target=\"_self\"><img decoding=\"async\" src=\"https:\/\/kaevandusmuuseum.ee\/wp-content\/uploads\/2020\/12\/vaba-aeg_rollerskate.jpg\" width=\"1600\" height=\"1067\" alt=\"\" title=\"vaba aeg_rollerskate\" aria-label=\"vaba aeg_rollerskate\" class=\"img-responsive wp-image-21825\" srcset=\"https:\/\/kaevandusmuuseum.ee\/wp-content\/uploads\/2020\/12\/vaba-aeg_rollerskate-200x133.jpg 200w, https:\/\/kaevandusmuuseum.ee\/wp-content\/uploads\/2020\/12\/vaba-aeg_rollerskate-400x267.jpg 400w, https:\/\/kaevandusmuuseum.ee\/wp-content\/uploads\/2020\/12\/vaba-aeg_rollerskate-600x400.jpg 600w, https:\/\/kaevandusmuuseum.ee\/wp-content\/uploads\/2020\/12\/vaba-aeg_rollerskate-800x534.jpg 800w, https:\/\/kaevandusmuuseum.ee\/wp-content\/uploads\/2020\/12\/vaba-aeg_rollerskate-1200x800.jpg 1200w, https:\/\/kaevandusmuuseum.ee\/wp-content\/uploads\/2020\/12\/vaba-aeg_rollerskate.jpg 1600w\" sizes=\"(min-width: 2200px) 100vw, (min-width: 640px) 1100px, \" \/><\/a><\/div><\/div><div class=\"clearfix\"><\/div><div style=\"padding:5px;\" class=\"fusion-grid-column fusion-gallery-column fusion-gallery-column-1 hover-type-zoomin\"><div class=\"fusion-gallery-image\"><a href=\"https:\/\/kaevandusmuuseum.ee\/wp-content\/uploads\/2020\/12\/plaanilised-matkad.jpg\" rel=\"noreferrer\" data-rel=\"iLightbox[gallery_image_1]\" class=\"fusion-lightbox\" target=\"_self\"><img decoding=\"async\" src=\"https:\/\/kaevandusmuuseum.ee\/wp-content\/uploads\/2020\/12\/plaanilised-matkad.jpg\" width=\"1600\" height=\"1067\" alt=\"\" title=\"Plaanilised matkad\" aria-label=\"Plaanilised matkad\" class=\"img-responsive wp-image-21542\" srcset=\"https:\/\/kaevandusmuuseum.ee\/wp-content\/uploads\/2020\/12\/plaanilised-matkad-200x133.jpg 200w, https:\/\/kaevandusmuuseum.ee\/wp-content\/uploads\/2020\/12\/plaanilised-matkad-400x267.jpg 400w, https:\/\/kaevandusmuuseum.ee\/wp-content\/uploads\/2020\/12\/plaanilised-matkad-600x400.jpg 600w, https:\/\/kaevandusmuuseum.ee\/wp-content\/uploads\/2020\/12\/plaanilised-matkad-800x534.jpg 800w, https:\/\/kaevandusmuuseum.ee\/wp-content\/uploads\/2020\/12\/plaanilised-matkad-1200x800.jpg 1200w, https:\/\/kaevandusmuuseum.ee\/wp-content\/uploads\/2020\/12\/plaanilised-matkad.jpg 1600w\" sizes=\"(min-width: 2200px) 100vw, (min-width: 640px) 1100px, \" \/><\/a><\/div><\/div><div class=\"clearfix\"><\/div><div style=\"padding:5px;\" class=\"fusion-grid-column fusion-gallery-column fusion-gallery-column-1 hover-type-zoomin\"><div class=\"fusion-gallery-image\"><a href=\"https:\/\/kaevandusmuuseum.ee\/wp-content\/uploads\/2020\/12\/Kolm-laksu4.jpg\" rel=\"noreferrer\" data-rel=\"iLightbox[gallery_image_1]\" class=\"fusion-lightbox\" target=\"_self\"><img decoding=\"async\" src=\"https:\/\/kaevandusmuuseum.ee\/wp-content\/uploads\/2020\/12\/Kolm-laksu4.jpg\" width=\"1800\" height=\"1200\" alt=\"\" title=\"Kolm laksu\" aria-label=\"Kolm laksu\" class=\"img-responsive wp-image-21718\" srcset=\"https:\/\/kaevandusmuuseum.ee\/wp-content\/uploads\/2020\/12\/Kolm-laksu4-200x133.jpg 200w, https:\/\/kaevandusmuuseum.ee\/wp-content\/uploads\/2020\/12\/Kolm-laksu4-400x267.jpg 400w, https:\/\/kaevandusmuuseum.ee\/wp-content\/uploads\/2020\/12\/Kolm-laksu4-600x400.jpg 600w, https:\/\/kaevandusmuuseum.ee\/wp-content\/uploads\/2020\/12\/Kolm-laksu4-800x533.jpg 800w, https:\/\/kaevandusmuuseum.ee\/wp-content\/uploads\/2020\/12\/Kolm-laksu4-1200x800.jpg 1200w, https:\/\/kaevandusmuuseum.ee\/wp-content\/uploads\/2020\/12\/Kolm-laksu4.jpg 1800w\" sizes=\"(min-width: 2200px) 100vw, (min-width: 640px) 1100px, \" \/><\/a><\/div><\/div><div class=\"clearfix\"><\/div><div style=\"padding:5px;\" class=\"fusion-grid-column fusion-gallery-column fusion-gallery-column-1 hover-type-zoomin\"><div class=\"fusion-gallery-image\"><a href=\"https:\/\/kaevandusmuuseum.ee\/wp-content\/uploads\/2020\/12\/Kohtla-100.jpg\" rel=\"noreferrer\" data-rel=\"iLightbox[gallery_image_1]\" class=\"fusion-lightbox\" target=\"_self\"><img decoding=\"async\" src=\"https:\/\/kaevandusmuuseum.ee\/wp-content\/uploads\/2020\/12\/Kohtla-100.jpg\" width=\"1600\" height=\"1066\" alt=\"\" title=\"Kohtla 100\" aria-label=\"Kohtla 100\" class=\"img-responsive wp-image-21727\" srcset=\"https:\/\/kaevandusmuuseum.ee\/wp-content\/uploads\/2020\/12\/Kohtla-100-200x133.jpg 200w, https:\/\/kaevandusmuuseum.ee\/wp-content\/uploads\/2020\/12\/Kohtla-100-400x267.jpg 400w, https:\/\/kaevandusmuuseum.ee\/wp-content\/uploads\/2020\/12\/Kohtla-100-600x400.jpg 600w, https:\/\/kaevandusmuuseum.ee\/wp-content\/uploads\/2020\/12\/Kohtla-100-800x533.jpg 800w, https:\/\/kaevandusmuuseum.ee\/wp-content\/uploads\/2020\/12\/Kohtla-100-1200x800.jpg 1200w, https:\/\/kaevandusmuuseum.ee\/wp-content\/uploads\/2020\/12\/Kohtla-100.jpg 1600w\" sizes=\"(min-width: 2200px) 100vw, (min-width: 640px) 1100px, \" \/><\/a><\/div><\/div><div class=\"clearfix\"><\/div><div style=\"padding:5px;\" class=\"fusion-grid-column fusion-gallery-column fusion-gallery-column-1 hover-type-zoomin\"><div class=\"fusion-gallery-image\"><a href=\"https:\/\/kaevandusmuuseum.ee\/wp-content\/uploads\/2020\/12\/vaba-aeg_suusarada.jpg\" rel=\"noreferrer\" data-rel=\"iLightbox[gallery_image_1]\" class=\"fusion-lightbox\" target=\"_self\"><img decoding=\"async\" src=\"https:\/\/kaevandusmuuseum.ee\/wp-content\/uploads\/2020\/12\/vaba-aeg_suusarada.jpg\" width=\"1600\" height=\"1067\" alt=\"\" title=\"vaba aeg_suusarada\" aria-label=\"vaba aeg_suusarada\" class=\"img-responsive wp-image-21828\" srcset=\"https:\/\/kaevandusmuuseum.ee\/wp-content\/uploads\/2020\/12\/vaba-aeg_suusarada-200x133.jpg 200w, https:\/\/kaevandusmuuseum.ee\/wp-content\/uploads\/2020\/12\/vaba-aeg_suusarada-400x267.jpg 400w, https:\/\/kaevandusmuuseum.ee\/wp-content\/uploads\/2020\/12\/vaba-aeg_suusarada-600x400.jpg 600w, https:\/\/kaevandusmuuseum.ee\/wp-content\/uploads\/2020\/12\/vaba-aeg_suusarada-800x534.jpg 800w, https:\/\/kaevandusmuuseum.ee\/wp-content\/uploads\/2020\/12\/vaba-aeg_suusarada-1200x800.jpg 1200w, https:\/\/kaevandusmuuseum.ee\/wp-content\/uploads\/2020\/12\/vaba-aeg_suusarada.jpg 1600w\" sizes=\"(min-width: 2200px) 100vw, (min-width: 640px) 1100px, \" \/><\/a><\/div><\/div><div class=\"clearfix\"><\/div><div style=\"padding:5px;\" class=\"fusion-grid-column fusion-gallery-column fusion-gallery-column-1 hover-type-zoomin\"><div class=\"fusion-gallery-image\"><a href=\"https:\/\/kaevandusmuuseum.ee\/wp-content\/uploads\/2020\/12\/vaba-aeg_lumelinna-ehitus.jpg\" rel=\"noreferrer\" data-rel=\"iLightbox[gallery_image_1]\" class=\"fusion-lightbox\" target=\"_self\"><img decoding=\"async\" src=\"https:\/\/kaevandusmuuseum.ee\/wp-content\/uploads\/2020\/12\/vaba-aeg_lumelinna-ehitus.jpg\" width=\"1600\" height=\"1067\" alt=\"\" title=\"vaba aeg_lumelinna ehitus\" aria-label=\"vaba aeg_lumelinna ehitus\" class=\"img-responsive wp-image-21824\" srcset=\"https:\/\/kaevandusmuuseum.ee\/wp-content\/uploads\/2020\/12\/vaba-aeg_lumelinna-ehitus-200x133.jpg 200w, https:\/\/kaevandusmuuseum.ee\/wp-content\/uploads\/2020\/12\/vaba-aeg_lumelinna-ehitus-400x267.jpg 400w, https:\/\/kaevandusmuuseum.ee\/wp-content\/uploads\/2020\/12\/vaba-aeg_lumelinna-ehitus-600x400.jpg 600w, https:\/\/kaevandusmuuseum.ee\/wp-content\/uploads\/2020\/12\/vaba-aeg_lumelinna-ehitus-800x534.jpg 800w, https:\/\/kaevandusmuuseum.ee\/wp-content\/uploads\/2020\/12\/vaba-aeg_lumelinna-ehitus-1200x800.jpg 1200w, https:\/\/kaevandusmuuseum.ee\/wp-content\/uploads\/2020\/12\/vaba-aeg_lumelinna-ehitus.jpg 1600w\" sizes=\"(min-width: 2200px) 100vw, (min-width: 640px) 1100px, \" \/><\/a><\/div><\/div><div class=\"clearfix\"><\/div><\/div><\/div><div class=\"fusion-clearfix\"><\/div><\/div><\/div><\/div><\/div>\n","protected":false},"excerpt":{"rendered":"","protected":false},"author":128,"featured_media":0,"parent":21531,"menu_order":0,"comment_status":"closed","ping_status":"closed","template":"","meta":{"footnotes":""},"class_list":["post-21811","page","type-page","status-publish","hentry"],"yoast_head":"<!-- This site is optimized with the Yoast SEO plugin v27.6 - https:\/\/yoast.com\/product\/yoast-seo-wordpress\/ -->\n<title>Vaba aja v\u00f5imalused Eesti Kaevandusmuuseumis<\/title>\n<meta name=\"description\" content=\"Vaba aja v\u00f5imalused kaevandusmuuseumis. K\u00fclastajatele on tasuta kasutamiseks rulluisurada, rulapark, j\u00f5uv\u00e4ljak, discgolfi rada ja matkarajad\" \/>\n<meta name=\"robots\" content=\"index, follow, max-snippet:-1, max-image-preview:large, max-video-preview:-1\" \/>\n<link rel=\"canonical\" href=\"https:\/\/kaevandusmuuseum.ee\/fi\/elamykset\/vapaa-ajanvietto\/\" \/>\n<meta property=\"og:locale\" content=\"fi_FI\" \/>\n<meta property=\"og:type\" content=\"article\" \/>\n<meta property=\"og:title\" content=\"Vaba aja v\u00f5imalused Eesti Kaevandusmuuseumis\" \/>\n<meta property=\"og:description\" content=\"Vaba aja v\u00f5imalused kaevandusmuuseumis. K\u00fclastajatele on tasuta kasutamiseks rulluisurada, rulapark, j\u00f5uv\u00e4ljak, discgolfi rada ja matkarajad\" \/>\n<meta property=\"og:url\" content=\"https:\/\/kaevandusmuuseum.ee\/fi\/elamykset\/vapaa-ajanvietto\/\" \/>\n<meta property=\"og:site_name\" content=\"Eesti kaevandusmuuseum\" \/>\n<meta property=\"article:publisher\" content=\"https:\/\/www.facebook.com\/kaevandusmuuseum.ee\" \/>\n<meta property=\"article:modified_time\" content=\"2025-02-21T07:46:33+00:00\" \/>\n<meta name=\"twitter:card\" content=\"summary_large_image\" \/>\n<meta name=\"twitter:label1\" content=\"Arvioitu lukuaika\" \/>\n\t<meta name=\"twitter:data1\" content=\"8 minuuttia\" \/>\n<script type=\"application\/ld+json\" class=\"yoast-schema-graph\">{\"@context\":\"https:\\\/\\\/schema.org\",\"@graph\":[{\"@type\":\"WebPage\",\"@id\":\"https:\\\/\\\/kaevandusmuuseum.ee\\\/fi\\\/elamykset\\\/vapaa-ajanvietto\\\/\",\"url\":\"https:\\\/\\\/kaevandusmuuseum.ee\\\/fi\\\/elamykset\\\/vapaa-ajanvietto\\\/\",\"name\":\"Vaba aja v\u00f5imalused Eesti Kaevandusmuuseumis\",\"isPartOf\":{\"@id\":\"https:\\\/\\\/kaevandusmuuseum.ee\\\/fi\\\/#website\"},\"datePublished\":\"2020-11-18T11:23:30+00:00\",\"dateModified\":\"2025-02-21T07:46:33+00:00\",\"description\":\"Vaba aja v\u00f5imalused kaevandusmuuseumis. K\u00fclastajatele on tasuta kasutamiseks rulluisurada, rulapark, j\u00f5uv\u00e4ljak, discgolfi rada ja matkarajad\",\"breadcrumb\":{\"@id\":\"https:\\\/\\\/kaevandusmuuseum.ee\\\/fi\\\/elamykset\\\/vapaa-ajanvietto\\\/#breadcrumb\"},\"inLanguage\":\"fi\",\"potentialAction\":[{\"@type\":\"ReadAction\",\"target\":[\"https:\\\/\\\/kaevandusmuuseum.ee\\\/fi\\\/elamykset\\\/vapaa-ajanvietto\\\/\"]}]},{\"@type\":\"BreadcrumbList\",\"@id\":\"https:\\\/\\\/kaevandusmuuseum.ee\\\/fi\\\/elamykset\\\/vapaa-ajanvietto\\\/#breadcrumb\",\"itemListElement\":[{\"@type\":\"ListItem\",\"position\":1,\"name\":\"Home\",\"item\":\"https:\\\/\\\/kaevandusmuuseum.ee\\\/fi\\\/\"},{\"@type\":\"ListItem\",\"position\":2,\"name\":\"El\u00e4mykset\",\"item\":\"https:\\\/\\\/kaevandusmuuseum.ee\\\/fi\\\/elamykset\\\/\"},{\"@type\":\"ListItem\",\"position\":3,\"name\":\"Vapaa-ajanvietto\"}]},{\"@type\":\"WebSite\",\"@id\":\"https:\\\/\\\/kaevandusmuuseum.ee\\\/fi\\\/#website\",\"url\":\"https:\\\/\\\/kaevandusmuuseum.ee\\\/fi\\\/\",\"name\":\"Eesti kaevandusmuuseum\",\"description\":\"Broneerimiskeskkond\",\"potentialAction\":[{\"@type\":\"SearchAction\",\"target\":{\"@type\":\"EntryPoint\",\"urlTemplate\":\"https:\\\/\\\/kaevandusmuuseum.ee\\\/fi\\\/?s={search_term_string}\"},\"query-input\":{\"@type\":\"PropertyValueSpecification\",\"valueRequired\":true,\"valueName\":\"search_term_string\"}}],\"inLanguage\":\"fi\"}]}<\/script>\n<!-- \/ Yoast SEO plugin. -->","yoast_head_json":{"title":"Vaba aja v\u00f5imalused Eesti Kaevandusmuuseumis","description":"Vaba aja v\u00f5imalused kaevandusmuuseumis. K\u00fclastajatele on tasuta kasutamiseks rulluisurada, rulapark, j\u00f5uv\u00e4ljak, discgolfi rada ja matkarajad","robots":{"index":"index","follow":"follow","max-snippet":"max-snippet:-1","max-image-preview":"max-image-preview:large","max-video-preview":"max-video-preview:-1"},"canonical":"https:\/\/kaevandusmuuseum.ee\/fi\/elamykset\/vapaa-ajanvietto\/","og_locale":"fi_FI","og_type":"article","og_title":"Vaba aja v\u00f5imalused Eesti Kaevandusmuuseumis","og_description":"Vaba aja v\u00f5imalused kaevandusmuuseumis. K\u00fclastajatele on tasuta kasutamiseks rulluisurada, rulapark, j\u00f5uv\u00e4ljak, discgolfi rada ja matkarajad","og_url":"https:\/\/kaevandusmuuseum.ee\/fi\/elamykset\/vapaa-ajanvietto\/","og_site_name":"Eesti kaevandusmuuseum","article_publisher":"https:\/\/www.facebook.com\/kaevandusmuuseum.ee","article_modified_time":"2025-02-21T07:46:33+00:00","twitter_card":"summary_large_image","twitter_misc":{"Arvioitu lukuaika":"8 minuuttia"},"schema":{"@context":"https:\/\/schema.org","@graph":[{"@type":"WebPage","@id":"https:\/\/kaevandusmuuseum.ee\/fi\/elamykset\/vapaa-ajanvietto\/","url":"https:\/\/kaevandusmuuseum.ee\/fi\/elamykset\/vapaa-ajanvietto\/","name":"Vaba aja v\u00f5imalused Eesti Kaevandusmuuseumis","isPartOf":{"@id":"https:\/\/kaevandusmuuseum.ee\/fi\/#website"},"datePublished":"2020-11-18T11:23:30+00:00","dateModified":"2025-02-21T07:46:33+00:00","description":"Vaba aja v\u00f5imalused kaevandusmuuseumis. K\u00fclastajatele on tasuta kasutamiseks rulluisurada, rulapark, j\u00f5uv\u00e4ljak, discgolfi rada ja matkarajad","breadcrumb":{"@id":"https:\/\/kaevandusmuuseum.ee\/fi\/elamykset\/vapaa-ajanvietto\/#breadcrumb"},"inLanguage":"fi","potentialAction":[{"@type":"ReadAction","target":["https:\/\/kaevandusmuuseum.ee\/fi\/elamykset\/vapaa-ajanvietto\/"]}]},{"@type":"BreadcrumbList","@id":"https:\/\/kaevandusmuuseum.ee\/fi\/elamykset\/vapaa-ajanvietto\/#breadcrumb","itemListElement":[{"@type":"ListItem","position":1,"name":"Home","item":"https:\/\/kaevandusmuuseum.ee\/fi\/"},{"@type":"ListItem","position":2,"name":"El\u00e4mykset","item":"https:\/\/kaevandusmuuseum.ee\/fi\/elamykset\/"},{"@type":"ListItem","position":3,"name":"Vapaa-ajanvietto"}]},{"@type":"WebSite","@id":"https:\/\/kaevandusmuuseum.ee\/fi\/#website","url":"https:\/\/kaevandusmuuseum.ee\/fi\/","name":"Eesti kaevandusmuuseum","description":"Broneerimiskeskkond","potentialAction":[{"@type":"SearchAction","target":{"@type":"EntryPoint","urlTemplate":"https:\/\/kaevandusmuuseum.ee\/fi\/?s={search_term_string}"},"query-input":{"@type":"PropertyValueSpecification","valueRequired":true,"valueName":"search_term_string"}}],"inLanguage":"fi"}]}},"_links":{"self":[{"href":"https:\/\/kaevandusmuuseum.ee\/fi\/wp-json\/wp\/v2\/pages\/21811","targetHints":{"allow":["GET"]}}],"collection":[{"href":"https:\/\/kaevandusmuuseum.ee\/fi\/wp-json\/wp\/v2\/pages"}],"about":[{"href":"https:\/\/kaevandusmuuseum.ee\/fi\/wp-json\/wp\/v2\/types\/page"}],"author":[{"embeddable":true,"href":"https:\/\/kaevandusmuuseum.ee\/fi\/wp-json\/wp\/v2\/users\/128"}],"replies":[{"embeddable":true,"href":"https:\/\/kaevandusmuuseum.ee\/fi\/wp-json\/wp\/v2\/comments?post=21811"}],"version-history":[{"count":8,"href":"https:\/\/kaevandusmuuseum.ee\/fi\/wp-json\/wp\/v2\/pages\/21811\/revisions"}],"predecessor-version":[{"id":27550,"href":"https:\/\/kaevandusmuuseum.ee\/fi\/wp-json\/wp\/v2\/pages\/21811\/revisions\/27550"}],"up":[{"embeddable":true,"href":"https:\/\/kaevandusmuuseum.ee\/fi\/wp-json\/wp\/v2\/pages\/21531"}],"wp:attachment":[{"href":"https:\/\/kaevandusmuuseum.ee\/fi\/wp-json\/wp\/v2\/media?parent=21811"}],"curies":[{"name":"wp","href":"https:\/\/api.w.org\/{rel}","templated":true}]}}