{"id":22732,"date":"2018-08-28T12:34:15","date_gmt":"2018-08-28T09:34:15","guid":{"rendered":"https:\/\/kaevandusmuuseum.veebispetsid.com\/privaatsustingimused\/"},"modified":"2020-12-26T15:46:22","modified_gmt":"2020-12-26T13:46:22","slug":"privacy-policy","status":"publish","type":"page","link":"https:\/\/kaevandusmuuseum.ee\/en\/privacy-policy\/","title":{"rendered":"Privacy policy"},"content":{"rendered":"<div class=\"fusion-fullwidth fullwidth-box fusion-builder-row-1 nonhundred-percent-fullwidth non-hundred-percent-height-scrolling\" style=\"--awb-border-radius-top-left:0px;--awb-border-radius-top-right:0px;--awb-border-radius-bottom-right:0px;--awb-border-radius-bottom-left:0px;--awb-flex-wrap:wrap;\" ><div class=\"fusion-builder-row fusion-row\"><div class=\"fusion-layout-column fusion_builder_column fusion-builder-column-0 fusion_builder_column_1_1 1_1 fusion-one-full fusion-column-first fusion-column-last\" style=\"--awb-bg-size:cover;\"><div class=\"fusion-column-wrapper fusion-flex-column-wrapper-legacy\"><div class=\"fusion-text fusion-text-1\"><h2 class=\"fusion-responsive-typography-calculated\" style=\"--fontsize: 45; line-height: 1.2; --fontSize:26;\" data-fontsize=\"26\" data-lineheight=\"31.2px\">Privacy policy<\/h2>\n<h4 class=\"fusion-responsive-typography-calculated\" style=\"--fontsize: 45; line-height: 1.2; --fontSize:22;\" data-fontsize=\"22\" data-lineheight=\"26.4px\">1. General provisions<\/h4>\n<ol>\n<li>This privacy policy regulates the principles of collection, processing, and storage of personal data. Personal data is processed and stored by Eesti Kaevandusmuseum SA, who is the controller of the personal data (hereinafter the controller).\n<\/li>\n<li>For the purposes of this privacy policy, a data subject means the customer or another natural person whose personal data is processed by the controller.\n<\/li>\n<li>For the purposes of this privacy policy, a customer means anyone who purchases goods or services on the controller\u2019s website.\n<\/li>\n<li>The controller observes the principles relating to personal data processing provided by legislation and, among other things, processes personal data in a lawful, fair, and secure manner. The controller is able to declare that personal data has been processed in accordance with the provisions of the legislation.<\/li>\n<\/ol>\n<ol>\n<\/ol>\n<h4 data-fontsize=\"22\" data-lineheight=\"33px\" class=\"fusion-responsive-typography-calculated\" style=\"--fontSize:22; line-height: 1.5;\">2. Collection, processing, and storage of personal data<\/h4>\n<ol>\n<li>The personal data collected, processed, and stored by the controller has been collected electronically, mainly via the website and e-mail.\n<\/li>\n<li>By sharing their personal data, the data subject grants the controller the right to collect, arrange, use and administer, for the purpose defined in the privacy policy, the personal data that the data subject shares with the controller either directly or indirectly when purchasing goods or services on the website.\n<\/li>\n<li>The data subject is liable for the accuracy, correctness, and integrity of the data submitted by them. The submission of knowingly false data is regarded as a breach of the privacy policy. The data subject is required to immediately notify the controller of any changes in the data submitted.\n<\/li>\n<li>The controller is not liable for any damage or loss caused to the data subject or a third party as a result of the submission of false data by the data subject.<\/li>\n<\/ol>\n<ol>\n<\/ol>\n<h4 data-fontsize=\"22\" data-lineheight=\"33px\" class=\"fusion-responsive-typography-calculated\" style=\"--fontSize:22; line-height: 1.5;\">3. Processing of personal data of customers<\/h4>\n<ol>\n<li>The controller may process the following personal data of the data subject:<br \/>a) Given name and surname;<br \/>b) Telephone number;<br \/>c) E-mail address;<br \/>d) Delivery address;\n<\/li>\n<li>In addition to the foregoing, the controller has the right to collect data about the customer that are available in public registers.\n<\/li>\n<li>The legal basis for the processing of personal data points (a), (b), (c) and (f) of Article 6(1) of the General Data Protection Regulation:<br \/>(a) the data subject has given consent to the processing of his or her personal data for one or more specific purposes;<br \/>(b) processing is necessary for the performance of a contract to which the data subject is a party or in order to take steps at the request of the data subject prior to entering into a contract;<br \/>(c) processing is necessary for compliance with a legal obligation to which the controller is subject;<br \/>(f) processing is necessary for the purposes of the legitimate interests pursued by the controller or by a third party, except where such interests are overridden by the interests or fundamental rights and freedoms of the data subject which require protection of personal data, in particular where the data subject is a child.\n<\/li>\n<li>Processing of personal data according to the purpose of processing:<br \/>a) Purpose of processing \u2013 security and safety. The maximum period of storage of personal data \u2013 according to the terms specified by law.<br \/>b) Purpose of processing \u2013 the processing of orders. Maximum period of storage of personal data \u2013 8 years.<br \/>c) Purpose of processing \u2013 ensuring the functioning of online store services. Maximum period of storage of personal data \u2013 8 years.<br \/>d) Purpose of processing \u2013 customer management. Maximum period of storage of personal data \u2013 8 years.<br \/>e) Purpose of processing \u2013 financial activities, accounting. Maximum period of storage of personal data \u2013 according to the terms specified by law.<br \/>f) Purpose of processing \u2013 marketing. Maximum period of storage of personal data \u2013 8 years.\n<\/li>\n<li>The controller has the right to share personal data of customers with third parties such as processors, accountants, transport and courier companies, companies providing transfer services. The controller is in charge of the processing of personal data. The controller transmits the personal data necessary for making payments to the processor, Maksekeskus AS.\n<\/li>\n<li>The controller processes and stores personal data of the data subject implementing the organizational and technical measures to ensure that the personal data is protected against any accidental or unlawful destruction, alteration, disclosure, and any other unlawful processing.\n<\/li>\n<li>The controller stores the data of the data subjects depending on the purpose of processing, but no longer than for 8 years.<\/li>\n<\/ol>\n<div>\n<h4 data-fontsize=\"22\" data-lineheight=\"33px\" class=\"fusion-responsive-typography-calculated\" style=\"--fontSize:22; line-height: 1.5;\">4. Rights of the data subject<\/h4>\n<ol>\n<li>The data subject has the right to gain access to and examine their personal data.\n<\/li>\n<li>The data subject has the right to obtain information on the processing of their personal data.\n<\/li>\n<li>The data subject has the right to modify or rectify inaccurate data.\n<\/li>\n<li>If the controller processes personal data of the data subject based on the consent granted by the latter, the data subject has the right to withdraw their consent at any time.\n<\/li>\n<li>To exercise their rights, the data subject can contact the customer support of the online store at info@kaevandusmuuseum.ee.\n<\/li>\n<li>To protect their rights, the data subject can file a complaint with the Data Protection Inspectorate.<\/li>\n<\/ol>\n<ol>\n<\/ol>\n<h4 data-fontsize=\"22\" data-lineheight=\"33px\" class=\"fusion-responsive-typography-calculated\" style=\"--fontSize:22; line-height: 1.5;\">5. Final provisions<\/h4>\n<\/div>\n<ol>\n<li>These data protection terms and conditions have been prepared in compliance with Regulation (EU) 2016\/679 of the European Parliament and of the Council on the protection of natural persons with regard to the processing of personal data and on the free movement of such data, and repealing Directive 95\/46\/EC (General Data Protection Regulation), the Personal Data Protection Act of the Republic of Estonia and legislation of the Republic of Estonia and the European Union.\n<\/li>\n<li>The controller has the right to amend the data protection terms and conditions in part or in full, notifying the data subjects of the amendments via kaevandusmuuseum.ee\/epood.<\/li>\n<\/ol>\n<ol>\n<\/ol>\n<\/div><div class=\"fusion-sep-clear\"><\/div><div class=\"fusion-separator fusion-full-width-sep\" style=\"margin-left: auto;margin-right: auto;margin-top:25px;margin-bottom:35px;width:100%;\"><div class=\"fusion-separator-border sep-single sep-solid\" style=\"--awb-height:20px;--awb-amount:20px;--awb-sep-color:#ffc107;border-color:#ffc107;border-top-width:6px;\"><\/div><\/div><div class=\"fusion-sep-clear\"><\/div><div class=\"fusion-text fusion-text-2\"><h2 data-fontsize=\"26\" data-lineheight=\"39px\">K\u00fcpsised<\/h2>\n<h4 class=\"fusion-responsive-typography-calculated\" data-fontsize=\"26\" data-lineheight=\"39px\">Mis on k\u00fcpsised?<\/h4>\n<p>Meie veebileht kasutab k\u00fcpsiseid (inglise keeles \u201ccookie\u201d). K\u00fcpsis on v\u00e4ike tekstikujuline andmeplokk Teie veebilehitsejas, mille veebileht saadab Teie arvutis olevasse k\u00fcpsiste faili. K\u00fcpsised v\u00f5imaldavad meie veebilehel pakkuda Teile paremat kasutajakogemust ning kujundada ja arendada oma veebilehte nii, et meie teenus oleks v\u00f5imalikult kvaliteetne.<\/p>\n<p>Kui j\u00e4tkate meie veebilehe kasutamist, siis n\u00f5ustute \u00fchtlasi k\u00fcpsiste kasutamisega.<\/p>\n<p>Kui Te ei soovi, et k\u00fcpsiseid salvestatakse Teie arvutisse, siis v\u00f5ite need blokeerida oma veebilehitseja s\u00e4tetes. Nii ei salvestata ei meie ega \u00fchegi teise veebilehe k\u00fcpsiseid, kuid selle tulemusena ei pruugi k\u00f5ik veebilehe funktsioonid korralikult toimida.<\/p>\n<h4 class=\"fusion-responsive-typography-calculated\" data-fontsize=\"26\" data-lineheight=\"39px\">Meie veebilehel kasutatavad k\u00fcpsised<\/h4>\n<p><strong>V\u00e4ga vajalikud k\u00fcpsised<\/strong><br \/>\nNeil k\u00fcpsistel on oluline roll meie saidi t\u00f6\u00f6s. N\u00e4iteks kuuluvad siia k\u00fcpsised, mille abil saate liikuda \u00f5igetele lehtedele, kui teeme veebisaidi t\u00f6\u00f6s uuendusi.<\/p>\n<p><strong>Talitlusk\u00fcpsised<\/strong><br \/>\nNeed k\u00fcpsised koguvad teavet, kuidas k\u00fclastajad kodulehte kasutavad. Nii saame teada, kui on ilmnenud m\u00f5ni viga. Me ei kogu otsest kasutajat tuvastavat teavet, vaid anon\u00fc\u00fcmseid andmeid. Kasutame seda teavet ainult veebisaidi t\u00f6\u00f6 t\u00e4iustamiseks.<\/p>\n<\/div><div class=\"fusion-clearfix\"><\/div><\/div><\/div><\/div><\/div>\n","protected":false},"excerpt":{"rendered":"","protected":false},"author":128,"featured_media":0,"parent":0,"menu_order":0,"comment_status":"closed","ping_status":"closed","template":"","meta":{"footnotes":""},"class_list":["post-22732","page","type-page","status-publish","hentry"],"yoast_head":"<!-- This site is optimized with the Yoast SEO plugin v27.4 - https:\/\/yoast.com\/product\/yoast-seo-wordpress\/ -->\n<title>Privacy policy - Eesti kaevandusmuuseum<\/title>\n<meta name=\"robots\" content=\"index, follow, max-snippet:-1, max-image-preview:large, max-video-preview:-1\" \/>\n<link rel=\"canonical\" href=\"https:\/\/kaevandusmuuseum.ee\/en\/privacy-policy\/\" \/>\n<meta property=\"og:locale\" content=\"en_US\" \/>\n<meta property=\"og:type\" content=\"article\" \/>\n<meta property=\"og:title\" content=\"Privacy policy - Eesti kaevandusmuuseum\" \/>\n<meta property=\"og:url\" content=\"https:\/\/kaevandusmuuseum.ee\/en\/privacy-policy\/\" \/>\n<meta property=\"og:site_name\" content=\"Eesti kaevandusmuuseum\" \/>\n<meta property=\"article:publisher\" content=\"https:\/\/www.facebook.com\/kaevandusmuuseum.ee\" \/>\n<meta property=\"article:modified_time\" content=\"2020-12-26T13:46:22+00:00\" \/>\n<meta name=\"twitter:card\" content=\"summary_large_image\" \/>\n<meta name=\"twitter:label1\" content=\"Est. reading time\" \/>\n\t<meta name=\"twitter:data1\" content=\"7 minutes\" \/>\n<script type=\"application\/ld+json\" class=\"yoast-schema-graph\">{\"@context\":\"https:\\\/\\\/schema.org\",\"@graph\":[{\"@type\":\"WebPage\",\"@id\":\"https:\\\/\\\/kaevandusmuuseum.ee\\\/en\\\/privacy-policy\\\/\",\"url\":\"https:\\\/\\\/kaevandusmuuseum.ee\\\/en\\\/privacy-policy\\\/\",\"name\":\"Privacy policy - Eesti kaevandusmuuseum\",\"isPartOf\":{\"@id\":\"https:\\\/\\\/kaevandusmuuseum.ee\\\/en\\\/#website\"},\"datePublished\":\"2018-08-28T09:34:15+00:00\",\"dateModified\":\"2020-12-26T13:46:22+00:00\",\"breadcrumb\":{\"@id\":\"https:\\\/\\\/kaevandusmuuseum.ee\\\/en\\\/privacy-policy\\\/#breadcrumb\"},\"inLanguage\":\"en-US\",\"potentialAction\":[{\"@type\":\"ReadAction\",\"target\":[\"https:\\\/\\\/kaevandusmuuseum.ee\\\/en\\\/privacy-policy\\\/\"]}]},{\"@type\":\"BreadcrumbList\",\"@id\":\"https:\\\/\\\/kaevandusmuuseum.ee\\\/en\\\/privacy-policy\\\/#breadcrumb\",\"itemListElement\":[{\"@type\":\"ListItem\",\"position\":1,\"name\":\"Home\",\"item\":\"https:\\\/\\\/kaevandusmuuseum.ee\\\/en\\\/\"},{\"@type\":\"ListItem\",\"position\":2,\"name\":\"Privacy policy\"}]},{\"@type\":\"WebSite\",\"@id\":\"https:\\\/\\\/kaevandusmuuseum.ee\\\/en\\\/#website\",\"url\":\"https:\\\/\\\/kaevandusmuuseum.ee\\\/en\\\/\",\"name\":\"Eesti kaevandusmuuseum\",\"description\":\"Broneerimiskeskkond\",\"potentialAction\":[{\"@type\":\"SearchAction\",\"target\":{\"@type\":\"EntryPoint\",\"urlTemplate\":\"https:\\\/\\\/kaevandusmuuseum.ee\\\/en\\\/?s={search_term_string}\"},\"query-input\":{\"@type\":\"PropertyValueSpecification\",\"valueRequired\":true,\"valueName\":\"search_term_string\"}}],\"inLanguage\":\"en-US\"}]}<\/script>\n<!-- \/ Yoast SEO plugin. -->","yoast_head_json":{"title":"Privacy policy - Eesti kaevandusmuuseum","robots":{"index":"index","follow":"follow","max-snippet":"max-snippet:-1","max-image-preview":"max-image-preview:large","max-video-preview":"max-video-preview:-1"},"canonical":"https:\/\/kaevandusmuuseum.ee\/en\/privacy-policy\/","og_locale":"en_US","og_type":"article","og_title":"Privacy policy - Eesti kaevandusmuuseum","og_url":"https:\/\/kaevandusmuuseum.ee\/en\/privacy-policy\/","og_site_name":"Eesti kaevandusmuuseum","article_publisher":"https:\/\/www.facebook.com\/kaevandusmuuseum.ee","article_modified_time":"2020-12-26T13:46:22+00:00","twitter_card":"summary_large_image","twitter_misc":{"Est. reading time":"7 minutes"},"schema":{"@context":"https:\/\/schema.org","@graph":[{"@type":"WebPage","@id":"https:\/\/kaevandusmuuseum.ee\/en\/privacy-policy\/","url":"https:\/\/kaevandusmuuseum.ee\/en\/privacy-policy\/","name":"Privacy policy - Eesti kaevandusmuuseum","isPartOf":{"@id":"https:\/\/kaevandusmuuseum.ee\/en\/#website"},"datePublished":"2018-08-28T09:34:15+00:00","dateModified":"2020-12-26T13:46:22+00:00","breadcrumb":{"@id":"https:\/\/kaevandusmuuseum.ee\/en\/privacy-policy\/#breadcrumb"},"inLanguage":"en-US","potentialAction":[{"@type":"ReadAction","target":["https:\/\/kaevandusmuuseum.ee\/en\/privacy-policy\/"]}]},{"@type":"BreadcrumbList","@id":"https:\/\/kaevandusmuuseum.ee\/en\/privacy-policy\/#breadcrumb","itemListElement":[{"@type":"ListItem","position":1,"name":"Home","item":"https:\/\/kaevandusmuuseum.ee\/en\/"},{"@type":"ListItem","position":2,"name":"Privacy policy"}]},{"@type":"WebSite","@id":"https:\/\/kaevandusmuuseum.ee\/en\/#website","url":"https:\/\/kaevandusmuuseum.ee\/en\/","name":"Eesti kaevandusmuuseum","description":"Broneerimiskeskkond","potentialAction":[{"@type":"SearchAction","target":{"@type":"EntryPoint","urlTemplate":"https:\/\/kaevandusmuuseum.ee\/en\/?s={search_term_string}"},"query-input":{"@type":"PropertyValueSpecification","valueRequired":true,"valueName":"search_term_string"}}],"inLanguage":"en-US"}]}},"_links":{"self":[{"href":"https:\/\/kaevandusmuuseum.ee\/en\/wp-json\/wp\/v2\/pages\/22732","targetHints":{"allow":["GET"]}}],"collection":[{"href":"https:\/\/kaevandusmuuseum.ee\/en\/wp-json\/wp\/v2\/pages"}],"about":[{"href":"https:\/\/kaevandusmuuseum.ee\/en\/wp-json\/wp\/v2\/types\/page"}],"author":[{"embeddable":true,"href":"https:\/\/kaevandusmuuseum.ee\/en\/wp-json\/wp\/v2\/users\/128"}],"replies":[{"embeddable":true,"href":"https:\/\/kaevandusmuuseum.ee\/en\/wp-json\/wp\/v2\/comments?post=22732"}],"version-history":[{"count":6,"href":"https:\/\/kaevandusmuuseum.ee\/en\/wp-json\/wp\/v2\/pages\/22732\/revisions"}],"predecessor-version":[{"id":22742,"href":"https:\/\/kaevandusmuuseum.ee\/en\/wp-json\/wp\/v2\/pages\/22732\/revisions\/22742"}],"wp:attachment":[{"href":"https:\/\/kaevandusmuuseum.ee\/en\/wp-json\/wp\/v2\/media?parent=22732"}],"curies":[{"name":"wp","href":"https:\/\/api.w.org\/{rel}","templated":true}]}}