{"id":21809,"date":"2020-11-18T13:23:30","date_gmt":"2020-11-18T11:23:30","guid":{"rendered":"https:\/\/kaevandusmuuseum.veebispetsid.com\/elamused\/vaba-aja-voimalused\/"},"modified":"2025-02-21T09:45:39","modified_gmt":"2025-02-21T07:45:39","slug":"leisure-activities","status":"publish","type":"page","link":"https:\/\/kaevandusmuuseum.ee\/en\/experiences\/leisure-activities\/","title":{"rendered":"Leisure activities"},"content":{"rendered":"<div class=\"fusion-fullwidth fullwidth-box fusion-builder-row-1 nonhundred-percent-fullwidth non-hundred-percent-height-scrolling\" style=\"--awb-border-radius-top-left:0px;--awb-border-radius-top-right:0px;--awb-border-radius-bottom-right:0px;--awb-border-radius-bottom-left:0px;--awb-flex-wrap:wrap;\" ><div class=\"fusion-builder-row fusion-row\"><div class=\"fusion-layout-column fusion_builder_column fusion-builder-column-0 fusion_builder_column_1_1 1_1 fusion-one-full fusion-column-first fusion-column-last\" style=\"--awb-bg-size:cover;\"><div class=\"fusion-column-wrapper fusion-column-has-shadow fusion-flex-column-wrapper-legacy\"><div class=\"fusion-title title fusion-title-1 fusion-sep-none fusion-title-text fusion-title-size-two\" style=\"--awb-margin-top-small:0px;--awb-margin-right-small:0px;--awb-margin-bottom-small:10px;--awb-margin-left-small:0px;\"><h2 class=\"fusion-title-heading title-heading-left\" style=\"margin:0;\">Leisure opportunities<\/h2><\/div><div class=\"fusion-text fusion-text-1\"><p>There are several free opportunities to spend time near the territory of the Mining Museum. For example, a roller skating rink, a skate park, a training field, a disc golf course and hiking trails.<\/p>\n<\/div><div class=\"fusion-menu-anchor\"><\/div><div class=\"fusion-clearfix\"><\/div><\/div><\/div><div class=\"fusion-layout-column fusion_builder_column fusion-builder-column-1 fusion_builder_column_3_5 3_5 fusion-three-fifth fusion-column-first\" style=\"--awb-overflow:hidden;--awb-bg-position:center bottom;--awb-bg-size:cover;--awb-border-radius:7px 7px 7px 7px;width:60%;width:calc(60% - ( ( 2.5% ) * 0.6 ) );margin-right: 2.5%;\"><div class=\"fusion-column-wrapper fusion-column-has-shadow fusion-flex-column-wrapper-legacy\"><div class=\"fusion-title title fusion-title-2 fusion-sep-none fusion-title-text fusion-title-size-two\" style=\"--awb-margin-top-small:0px;--awb-margin-right-small:0px;--awb-margin-bottom-small:10px;--awb-margin-left-small:0px;\"><h2 class=\"fusion-title-heading title-heading-left\" style=\"margin:0;\">Roller skating rink<\/h2><\/div><div class=\"fusion-text fusion-text-2\"><p>Behind the renovated enrichment plant is a special asphalt track for all sports enthusiasts, which was completed in the autumn of 2006, being the first in Ida-Virumaa at that time. The 1.6-kilometer-long and 3-meter-wide trail, which has become a popular training place, is suitable for roller skaters, cyclists and Nordic walking enthusiasts.<\/p>\n<p>There is also a skateboard park near the Mining Museum, that is open from 09:00 to 21:00.<\/p>\n<\/div><div class=\"fusion-sep-clear\"><\/div><div class=\"fusion-separator fusion-full-width-sep\" style=\"margin-left: auto;margin-right: auto;margin-top:25px;margin-bottom:25px;width:100%;\"><div class=\"fusion-separator-border sep-single sep-solid\" style=\"--awb-height:20px;--awb-amount:20px;--awb-sep-color:#607d8b;border-color:#607d8b;border-top-width:1px;\"><\/div><\/div><div class=\"fusion-sep-clear\"><\/div><div class=\"fusion-title title fusion-title-3 fusion-sep-none fusion-title-text fusion-title-size-two\" style=\"--awb-margin-top-small:0px;--awb-margin-right-small:0px;--awb-margin-bottom-small:10px;--awb-margin-left-small:0px;\"><h2 class=\"fusion-title-heading title-heading-left\" style=\"margin:0;\">Disc golf course<\/h2><\/div><div class=\"fusion-text fusion-text-3\"><p>The 9-basket disc golf course built around the Kohtla-N\u00f5mme mine is also suitable for beginners, but the pond next to the course also offers challenges for more experienced players. The trails are 50-95 meters long.<\/p>\n<p>On the Kohtla-N\u00f5mme track it is possible to play every day from 9.00 to 21.00 and you have to bring your equipment.<\/p>\n<\/div><div class=\"fusion-sep-clear\"><\/div><div class=\"fusion-separator fusion-full-width-sep\" style=\"margin-left: auto;margin-right: auto;margin-top:25px;margin-bottom:25px;width:100%;\"><div class=\"fusion-separator-border sep-single sep-solid\" style=\"--awb-height:20px;--awb-amount:20px;--awb-sep-color:#607d8b;border-color:#607d8b;border-top-width:1px;\"><\/div><\/div><div class=\"fusion-sep-clear\"><\/div><div class=\"fusion-title title fusion-title-4 fusion-sep-none fusion-title-text fusion-title-size-two\" style=\"--awb-margin-top-small:0px;--awb-margin-right-small:0px;--awb-margin-bottom-small:10px;--awb-margin-left-small:0px;\"><h2 class=\"fusion-title-heading title-heading-left\" style=\"margin:0;\">Training field<\/h2><\/div><div class=\"fusion-text fusion-text-4\"><p>There is a training field near the Mining Museum, which can be used by anyone every day from 9:00 to 21:00.<\/p>\n<\/div><div class=\"fusion-sep-clear\"><\/div><div class=\"fusion-separator fusion-full-width-sep\" style=\"margin-left: auto;margin-right: auto;margin-top:25px;margin-bottom:25px;width:100%;\"><div class=\"fusion-separator-border sep-single sep-solid\" style=\"--awb-height:20px;--awb-amount:20px;--awb-sep-color:#607d8b;border-color:#607d8b;border-top-width:1px;\"><\/div><\/div><div class=\"fusion-sep-clear\"><\/div><div class=\"fusion-title title fusion-title-5 fusion-sep-none fusion-title-text fusion-title-size-two\" style=\"--awb-margin-top-small:0px;--awb-margin-right-small:0px;--awb-margin-bottom-small:10px;--awb-margin-left-small:0px;\"><h2 class=\"fusion-title-heading title-heading-left\" style=\"margin:0;\">Hiking trails<\/h2><\/div><div class=\"fusion-text fusion-text-5\"><p>On the 100th anniversary of the Republic of Estonia, the State Forest Management Center (RKM) opened the Penij\u00f5e-Aegviidu-Kauksi branch of the hiking trail. The 614 km long hiking trail passes through six counties, two national parks and several protected areas. The trail starts from Penij\u00f5e manor in Matsalu National Park, goes through L\u00e4\u00e4ne-Virumaa Neerut mountains towards Ida-Virumaa, where industrial landscapes in the form of Kivi\u00f5li and P\u00fcssi semi-coke and ash mountains, Aidu open-cast mine and Estonian Mining Museum remain. The trail still meanders on the northern coast, passes the Sinim\u00e4gi battlefield and reaches its endpoint Kauksi through the forests of Alutaguse.<\/p>\n<p>Read more: <a href=\"On the 100th anniversary of the Republic of Estonia, the State Forest Management Center (RKM) opened the Penij\u00f5e-Aegviidu-Kauksi branch of the hiking trail. The 614 km long hiking trail passes through six counties, two national parks and several protected areas. The trail starts from Penij\u00f5e manor in Matsalu National Park, goes through L\u00e4\u00e4ne-Virumaa Neerut mountains towards Ida-Virumaa, where industrial landscapes in the form of Kivi\u00f5li and P\u00fcssi semi-coke and ash mountains, Aidu open-cast mine and Estonian Mining Museum remain. The trail still meanders on the northern coast, passes the Sinim\u00e4gi battlefield and reaches its endpoint Kauksi through the forests of Alutaguse. Read more: https:\/\/www.loodusegakoos.ee\/matkatee\">https:\/\/www.loodusegakoos.ee\/matkatee<\/a><\/p>\n<\/div><div class=\"fusion-sep-clear\"><\/div><div class=\"fusion-separator fusion-full-width-sep\" style=\"margin-left: auto;margin-right: auto;margin-top:25px;margin-bottom:25px;width:100%;\"><div class=\"fusion-separator-border sep-single sep-solid\" style=\"--awb-height:20px;--awb-amount:20px;--awb-sep-color:#607d8b;border-color:#607d8b;border-top-width:1px;\"><\/div><\/div><div class=\"fusion-sep-clear\"><\/div><div class=\"fusion-title title fusion-title-6 fusion-sep-none fusion-title-text fusion-title-size-two\" style=\"--awb-margin-top-small:0px;--awb-margin-right-small:0px;--awb-margin-bottom-small:10px;--awb-margin-left-small:0px;\"><h2 class=\"fusion-title-heading title-heading-left\" style=\"margin:0;\">Winter center<\/h2><\/div><div class=\"fusion-text fusion-text-6\"><p>The winter center, built on a waste dump, consists of a small tubing slope when there is plenty of snow.<\/p>\n<p>Snowtubing, or sliding down a mountain on a rubber ring, offers laughter and fun and makes the hearts of children and those with a childlike spirit, young and old, flutter with joy. The maximum length of the Tubing Hill trail is 30 meters. There is no lift.<\/p>\n<\/div><div class=\"fusion-clearfix\"><\/div><\/div><\/div><div class=\"fusion-layout-column fusion_builder_column fusion-builder-column-2 fusion_builder_column_2_5 2_5 fusion-two-fifth fusion-column-last\" style=\"--awb-bg-position:center bottom;--awb-bg-size:cover;width:40%;width:calc(40% - ( ( 2.5% ) * 0.4 ) );\"><div class=\"fusion-column-wrapper fusion-column-has-shadow fusion-flex-column-wrapper-legacy\"><div class=\"fusion-sep-clear\"><\/div><div class=\"fusion-separator fusion-full-width-sep\" style=\"margin-left: auto;margin-right: auto;margin-bottom:25px;width:100%;\"><div class=\"fusion-separator-border sep-double\" style=\"--awb-height:20px;--awb-amount:20px;border-color:rgba(255,252,252,0);border-top-width:0px;border-bottom-width:0px;\"><\/div><\/div><div class=\"fusion-sep-clear\"><\/div><div class=\"awb-gallery-wrapper awb-gallery-wrapper-1 button-span-no\"><div style=\"margin:-5px;--awb-bordersize:0px;\" class=\"fusion-gallery fusion-gallery-container fusion-grid-1 fusion-columns-total-7 fusion-gallery-layout-grid fusion-gallery-1\"><div style=\"padding:5px;\" class=\"fusion-grid-column fusion-gallery-column fusion-gallery-column-1 hover-type-zoomin\"><div class=\"fusion-gallery-image\"><a href=\"https:\/\/kaevandusmuuseum.ee\/wp-content\/uploads\/2020\/12\/Romantika.jpg\" rel=\"noreferrer\" data-rel=\"iLightbox[gallery_image_1]\" class=\"fusion-lightbox\" target=\"_self\"><img decoding=\"async\" src=\"https:\/\/kaevandusmuuseum.ee\/wp-content\/uploads\/2020\/12\/Romantika.jpg\" width=\"1600\" height=\"1066\" alt=\"\" title=\"Romantika\" aria-label=\"Romantika\" class=\"img-responsive wp-image-21684\" srcset=\"https:\/\/kaevandusmuuseum.ee\/wp-content\/uploads\/2020\/12\/Romantika-200x133.jpg 200w, https:\/\/kaevandusmuuseum.ee\/wp-content\/uploads\/2020\/12\/Romantika-400x267.jpg 400w, https:\/\/kaevandusmuuseum.ee\/wp-content\/uploads\/2020\/12\/Romantika-600x400.jpg 600w, https:\/\/kaevandusmuuseum.ee\/wp-content\/uploads\/2020\/12\/Romantika-800x533.jpg 800w, https:\/\/kaevandusmuuseum.ee\/wp-content\/uploads\/2020\/12\/Romantika-1200x800.jpg 1200w, https:\/\/kaevandusmuuseum.ee\/wp-content\/uploads\/2020\/12\/Romantika.jpg 1600w\" sizes=\"(min-width: 2200px) 100vw, (min-width: 640px) 1100px, \" \/><\/a><\/div><\/div><div class=\"clearfix\"><\/div><div style=\"padding:5px;\" class=\"fusion-grid-column fusion-gallery-column fusion-gallery-column-1 hover-type-zoomin\"><div class=\"fusion-gallery-image\"><a href=\"https:\/\/kaevandusmuuseum.ee\/wp-content\/uploads\/2020\/12\/vaba-aeg_rollerskate.jpg\" rel=\"noreferrer\" data-rel=\"iLightbox[gallery_image_1]\" class=\"fusion-lightbox\" target=\"_self\"><img decoding=\"async\" src=\"https:\/\/kaevandusmuuseum.ee\/wp-content\/uploads\/2020\/12\/vaba-aeg_rollerskate.jpg\" width=\"1600\" height=\"1067\" alt=\"\" title=\"vaba aeg_rollerskate\" aria-label=\"vaba aeg_rollerskate\" class=\"img-responsive wp-image-21818\" srcset=\"https:\/\/kaevandusmuuseum.ee\/wp-content\/uploads\/2020\/12\/vaba-aeg_rollerskate-200x133.jpg 200w, https:\/\/kaevandusmuuseum.ee\/wp-content\/uploads\/2020\/12\/vaba-aeg_rollerskate-400x267.jpg 400w, https:\/\/kaevandusmuuseum.ee\/wp-content\/uploads\/2020\/12\/vaba-aeg_rollerskate-600x400.jpg 600w, https:\/\/kaevandusmuuseum.ee\/wp-content\/uploads\/2020\/12\/vaba-aeg_rollerskate-800x534.jpg 800w, https:\/\/kaevandusmuuseum.ee\/wp-content\/uploads\/2020\/12\/vaba-aeg_rollerskate-1200x800.jpg 1200w, https:\/\/kaevandusmuuseum.ee\/wp-content\/uploads\/2020\/12\/vaba-aeg_rollerskate.jpg 1600w\" sizes=\"(min-width: 2200px) 100vw, (min-width: 640px) 1100px, \" \/><\/a><\/div><\/div><div class=\"clearfix\"><\/div><div style=\"padding:5px;\" class=\"fusion-grid-column fusion-gallery-column fusion-gallery-column-1 hover-type-zoomin\"><div class=\"fusion-gallery-image\"><a href=\"https:\/\/kaevandusmuuseum.ee\/wp-content\/uploads\/2020\/12\/plaanilised-matkad.jpg\" rel=\"noreferrer\" data-rel=\"iLightbox[gallery_image_1]\" class=\"fusion-lightbox\" target=\"_self\"><img decoding=\"async\" src=\"https:\/\/kaevandusmuuseum.ee\/wp-content\/uploads\/2020\/12\/plaanilised-matkad.jpg\" width=\"1600\" height=\"1067\" alt=\"\" title=\"Plaanilised matkad\" aria-label=\"Plaanilised matkad\" class=\"img-responsive wp-image-21526\" srcset=\"https:\/\/kaevandusmuuseum.ee\/wp-content\/uploads\/2020\/12\/plaanilised-matkad-200x133.jpg 200w, https:\/\/kaevandusmuuseum.ee\/wp-content\/uploads\/2020\/12\/plaanilised-matkad-400x267.jpg 400w, https:\/\/kaevandusmuuseum.ee\/wp-content\/uploads\/2020\/12\/plaanilised-matkad-600x400.jpg 600w, https:\/\/kaevandusmuuseum.ee\/wp-content\/uploads\/2020\/12\/plaanilised-matkad-800x534.jpg 800w, https:\/\/kaevandusmuuseum.ee\/wp-content\/uploads\/2020\/12\/plaanilised-matkad-1200x800.jpg 1200w, https:\/\/kaevandusmuuseum.ee\/wp-content\/uploads\/2020\/12\/plaanilised-matkad.jpg 1600w\" sizes=\"(min-width: 2200px) 100vw, (min-width: 640px) 1100px, \" \/><\/a><\/div><\/div><div class=\"clearfix\"><\/div><div style=\"padding:5px;\" class=\"fusion-grid-column fusion-gallery-column fusion-gallery-column-1 hover-type-zoomin\"><div class=\"fusion-gallery-image\"><a href=\"https:\/\/kaevandusmuuseum.ee\/wp-content\/uploads\/2020\/12\/Kolm-laksu4.jpg\" rel=\"noreferrer\" data-rel=\"iLightbox[gallery_image_1]\" class=\"fusion-lightbox\" target=\"_self\"><img decoding=\"async\" src=\"https:\/\/kaevandusmuuseum.ee\/wp-content\/uploads\/2020\/12\/Kolm-laksu4.jpg\" width=\"1800\" height=\"1200\" alt=\"\" title=\"Kolm laksu\" aria-label=\"Kolm laksu\" class=\"img-responsive wp-image-21683\" srcset=\"https:\/\/kaevandusmuuseum.ee\/wp-content\/uploads\/2020\/12\/Kolm-laksu4-200x133.jpg 200w, https:\/\/kaevandusmuuseum.ee\/wp-content\/uploads\/2020\/12\/Kolm-laksu4-400x267.jpg 400w, https:\/\/kaevandusmuuseum.ee\/wp-content\/uploads\/2020\/12\/Kolm-laksu4-600x400.jpg 600w, https:\/\/kaevandusmuuseum.ee\/wp-content\/uploads\/2020\/12\/Kolm-laksu4-800x533.jpg 800w, https:\/\/kaevandusmuuseum.ee\/wp-content\/uploads\/2020\/12\/Kolm-laksu4-1200x800.jpg 1200w, https:\/\/kaevandusmuuseum.ee\/wp-content\/uploads\/2020\/12\/Kolm-laksu4.jpg 1800w\" sizes=\"(min-width: 2200px) 100vw, (min-width: 640px) 1100px, \" \/><\/a><\/div><\/div><div class=\"clearfix\"><\/div><div style=\"padding:5px;\" class=\"fusion-grid-column fusion-gallery-column fusion-gallery-column-1 hover-type-zoomin\"><div class=\"fusion-gallery-image\"><a href=\"https:\/\/kaevandusmuuseum.ee\/wp-content\/uploads\/2020\/12\/Kohtla-100.jpg\" rel=\"noreferrer\" data-rel=\"iLightbox[gallery_image_1]\" class=\"fusion-lightbox\" target=\"_self\"><img decoding=\"async\" src=\"https:\/\/kaevandusmuuseum.ee\/wp-content\/uploads\/2020\/12\/Kohtla-100.jpg\" width=\"1600\" height=\"1066\" alt=\"\" title=\"Kohtla 100\" aria-label=\"Kohtla 100\" class=\"img-responsive wp-image-21692\" srcset=\"https:\/\/kaevandusmuuseum.ee\/wp-content\/uploads\/2020\/12\/Kohtla-100-200x133.jpg 200w, https:\/\/kaevandusmuuseum.ee\/wp-content\/uploads\/2020\/12\/Kohtla-100-400x267.jpg 400w, https:\/\/kaevandusmuuseum.ee\/wp-content\/uploads\/2020\/12\/Kohtla-100-600x400.jpg 600w, https:\/\/kaevandusmuuseum.ee\/wp-content\/uploads\/2020\/12\/Kohtla-100-800x533.jpg 800w, https:\/\/kaevandusmuuseum.ee\/wp-content\/uploads\/2020\/12\/Kohtla-100-1200x800.jpg 1200w, https:\/\/kaevandusmuuseum.ee\/wp-content\/uploads\/2020\/12\/Kohtla-100.jpg 1600w\" sizes=\"(min-width: 2200px) 100vw, (min-width: 640px) 1100px, \" \/><\/a><\/div><\/div><div class=\"clearfix\"><\/div><div style=\"padding:5px;\" class=\"fusion-grid-column fusion-gallery-column fusion-gallery-column-1 hover-type-zoomin\"><div class=\"fusion-gallery-image\"><a href=\"https:\/\/kaevandusmuuseum.ee\/wp-content\/uploads\/2020\/12\/vaba-aeg_suusarada.jpg\" rel=\"noreferrer\" data-rel=\"iLightbox[gallery_image_1]\" class=\"fusion-lightbox\" target=\"_self\"><img decoding=\"async\" src=\"https:\/\/kaevandusmuuseum.ee\/wp-content\/uploads\/2020\/12\/vaba-aeg_suusarada.jpg\" width=\"1600\" height=\"1067\" alt=\"\" title=\"vaba aeg_suusarada\" aria-label=\"vaba aeg_suusarada\" class=\"img-responsive wp-image-21821\" srcset=\"https:\/\/kaevandusmuuseum.ee\/wp-content\/uploads\/2020\/12\/vaba-aeg_suusarada-200x133.jpg 200w, https:\/\/kaevandusmuuseum.ee\/wp-content\/uploads\/2020\/12\/vaba-aeg_suusarada-400x267.jpg 400w, https:\/\/kaevandusmuuseum.ee\/wp-content\/uploads\/2020\/12\/vaba-aeg_suusarada-600x400.jpg 600w, https:\/\/kaevandusmuuseum.ee\/wp-content\/uploads\/2020\/12\/vaba-aeg_suusarada-800x534.jpg 800w, https:\/\/kaevandusmuuseum.ee\/wp-content\/uploads\/2020\/12\/vaba-aeg_suusarada-1200x800.jpg 1200w, https:\/\/kaevandusmuuseum.ee\/wp-content\/uploads\/2020\/12\/vaba-aeg_suusarada.jpg 1600w\" sizes=\"(min-width: 2200px) 100vw, (min-width: 640px) 1100px, \" \/><\/a><\/div><\/div><div class=\"clearfix\"><\/div><div style=\"padding:5px;\" class=\"fusion-grid-column fusion-gallery-column fusion-gallery-column-1 hover-type-zoomin\"><div class=\"fusion-gallery-image\"><a href=\"https:\/\/kaevandusmuuseum.ee\/wp-content\/uploads\/2020\/12\/vaba-aeg_lumelinna-ehitus.jpg\" rel=\"noreferrer\" data-rel=\"iLightbox[gallery_image_1]\" class=\"fusion-lightbox\" target=\"_self\"><img decoding=\"async\" src=\"https:\/\/kaevandusmuuseum.ee\/wp-content\/uploads\/2020\/12\/vaba-aeg_lumelinna-ehitus.jpg\" width=\"1600\" height=\"1067\" alt=\"\" title=\"vaba aeg_lumelinna ehitus\" aria-label=\"vaba aeg_lumelinna ehitus\" class=\"img-responsive wp-image-21817\" srcset=\"https:\/\/kaevandusmuuseum.ee\/wp-content\/uploads\/2020\/12\/vaba-aeg_lumelinna-ehitus-200x133.jpg 200w, https:\/\/kaevandusmuuseum.ee\/wp-content\/uploads\/2020\/12\/vaba-aeg_lumelinna-ehitus-400x267.jpg 400w, https:\/\/kaevandusmuuseum.ee\/wp-content\/uploads\/2020\/12\/vaba-aeg_lumelinna-ehitus-600x400.jpg 600w, https:\/\/kaevandusmuuseum.ee\/wp-content\/uploads\/2020\/12\/vaba-aeg_lumelinna-ehitus-800x534.jpg 800w, https:\/\/kaevandusmuuseum.ee\/wp-content\/uploads\/2020\/12\/vaba-aeg_lumelinna-ehitus-1200x800.jpg 1200w, https:\/\/kaevandusmuuseum.ee\/wp-content\/uploads\/2020\/12\/vaba-aeg_lumelinna-ehitus.jpg 1600w\" sizes=\"(min-width: 2200px) 100vw, (min-width: 640px) 1100px, \" \/><\/a><\/div><\/div><div class=\"clearfix\"><\/div><\/div><\/div><div class=\"fusion-clearfix\"><\/div><\/div><\/div><\/div><\/div>\n","protected":false},"excerpt":{"rendered":"","protected":false},"author":128,"featured_media":0,"parent":21524,"menu_order":0,"comment_status":"closed","ping_status":"closed","template":"","meta":{"footnotes":""},"class_list":["post-21809","page","type-page","status-publish","hentry"],"yoast_head":"<!-- This site is optimized with the Yoast SEO plugin v27.5 - https:\/\/yoast.com\/product\/yoast-seo-wordpress\/ -->\n<title>Vaba aja v\u00f5imalused Eesti Kaevandusmuuseumis<\/title>\n<meta name=\"description\" content=\"Vaba aja v\u00f5imalused kaevandusmuuseumis. K\u00fclastajatele on tasuta kasutamiseks rulluisurada, rulapark, j\u00f5uv\u00e4ljak, discgolfi rada ja matkarajad\" \/>\n<meta name=\"robots\" content=\"index, follow, max-snippet:-1, max-image-preview:large, max-video-preview:-1\" \/>\n<link rel=\"canonical\" href=\"https:\/\/kaevandusmuuseum.ee\/en\/experiences\/leisure-activities\/\" \/>\n<meta property=\"og:locale\" content=\"en_US\" \/>\n<meta property=\"og:type\" content=\"article\" \/>\n<meta property=\"og:title\" content=\"Vaba aja v\u00f5imalused Eesti Kaevandusmuuseumis\" \/>\n<meta property=\"og:description\" content=\"Vaba aja v\u00f5imalused kaevandusmuuseumis. K\u00fclastajatele on tasuta kasutamiseks rulluisurada, rulapark, j\u00f5uv\u00e4ljak, discgolfi rada ja matkarajad\" \/>\n<meta property=\"og:url\" content=\"https:\/\/kaevandusmuuseum.ee\/en\/experiences\/leisure-activities\/\" \/>\n<meta property=\"og:site_name\" content=\"Eesti kaevandusmuuseum\" \/>\n<meta property=\"article:publisher\" content=\"https:\/\/www.facebook.com\/kaevandusmuuseum.ee\" \/>\n<meta property=\"article:modified_time\" content=\"2025-02-21T07:45:39+00:00\" \/>\n<meta name=\"twitter:card\" content=\"summary_large_image\" \/>\n<meta name=\"twitter:label1\" content=\"Est. reading time\" \/>\n\t<meta name=\"twitter:data1\" content=\"9 minutes\" \/>\n<script type=\"application\/ld+json\" class=\"yoast-schema-graph\">{\"@context\":\"https:\\\/\\\/schema.org\",\"@graph\":[{\"@type\":\"WebPage\",\"@id\":\"https:\\\/\\\/kaevandusmuuseum.ee\\\/en\\\/experiences\\\/leisure-activities\\\/\",\"url\":\"https:\\\/\\\/kaevandusmuuseum.ee\\\/en\\\/experiences\\\/leisure-activities\\\/\",\"name\":\"Vaba aja v\u00f5imalused Eesti Kaevandusmuuseumis\",\"isPartOf\":{\"@id\":\"https:\\\/\\\/kaevandusmuuseum.ee\\\/en\\\/#website\"},\"datePublished\":\"2020-11-18T11:23:30+00:00\",\"dateModified\":\"2025-02-21T07:45:39+00:00\",\"description\":\"Vaba aja v\u00f5imalused kaevandusmuuseumis. K\u00fclastajatele on tasuta kasutamiseks rulluisurada, rulapark, j\u00f5uv\u00e4ljak, discgolfi rada ja matkarajad\",\"breadcrumb\":{\"@id\":\"https:\\\/\\\/kaevandusmuuseum.ee\\\/en\\\/experiences\\\/leisure-activities\\\/#breadcrumb\"},\"inLanguage\":\"en-US\",\"potentialAction\":[{\"@type\":\"ReadAction\",\"target\":[\"https:\\\/\\\/kaevandusmuuseum.ee\\\/en\\\/experiences\\\/leisure-activities\\\/\"]}]},{\"@type\":\"BreadcrumbList\",\"@id\":\"https:\\\/\\\/kaevandusmuuseum.ee\\\/en\\\/experiences\\\/leisure-activities\\\/#breadcrumb\",\"itemListElement\":[{\"@type\":\"ListItem\",\"position\":1,\"name\":\"Home\",\"item\":\"https:\\\/\\\/kaevandusmuuseum.ee\\\/en\\\/\"},{\"@type\":\"ListItem\",\"position\":2,\"name\":\"Experiences\",\"item\":\"https:\\\/\\\/kaevandusmuuseum.ee\\\/en\\\/experiences\\\/\"},{\"@type\":\"ListItem\",\"position\":3,\"name\":\"Leisure activities\"}]},{\"@type\":\"WebSite\",\"@id\":\"https:\\\/\\\/kaevandusmuuseum.ee\\\/en\\\/#website\",\"url\":\"https:\\\/\\\/kaevandusmuuseum.ee\\\/en\\\/\",\"name\":\"Eesti kaevandusmuuseum\",\"description\":\"Broneerimiskeskkond\",\"potentialAction\":[{\"@type\":\"SearchAction\",\"target\":{\"@type\":\"EntryPoint\",\"urlTemplate\":\"https:\\\/\\\/kaevandusmuuseum.ee\\\/en\\\/?s={search_term_string}\"},\"query-input\":{\"@type\":\"PropertyValueSpecification\",\"valueRequired\":true,\"valueName\":\"search_term_string\"}}],\"inLanguage\":\"en-US\"}]}<\/script>\n<!-- \/ Yoast SEO plugin. -->","yoast_head_json":{"title":"Vaba aja v\u00f5imalused Eesti Kaevandusmuuseumis","description":"Vaba aja v\u00f5imalused kaevandusmuuseumis. K\u00fclastajatele on tasuta kasutamiseks rulluisurada, rulapark, j\u00f5uv\u00e4ljak, discgolfi rada ja matkarajad","robots":{"index":"index","follow":"follow","max-snippet":"max-snippet:-1","max-image-preview":"max-image-preview:large","max-video-preview":"max-video-preview:-1"},"canonical":"https:\/\/kaevandusmuuseum.ee\/en\/experiences\/leisure-activities\/","og_locale":"en_US","og_type":"article","og_title":"Vaba aja v\u00f5imalused Eesti Kaevandusmuuseumis","og_description":"Vaba aja v\u00f5imalused kaevandusmuuseumis. K\u00fclastajatele on tasuta kasutamiseks rulluisurada, rulapark, j\u00f5uv\u00e4ljak, discgolfi rada ja matkarajad","og_url":"https:\/\/kaevandusmuuseum.ee\/en\/experiences\/leisure-activities\/","og_site_name":"Eesti kaevandusmuuseum","article_publisher":"https:\/\/www.facebook.com\/kaevandusmuuseum.ee","article_modified_time":"2025-02-21T07:45:39+00:00","twitter_card":"summary_large_image","twitter_misc":{"Est. reading time":"9 minutes"},"schema":{"@context":"https:\/\/schema.org","@graph":[{"@type":"WebPage","@id":"https:\/\/kaevandusmuuseum.ee\/en\/experiences\/leisure-activities\/","url":"https:\/\/kaevandusmuuseum.ee\/en\/experiences\/leisure-activities\/","name":"Vaba aja v\u00f5imalused Eesti Kaevandusmuuseumis","isPartOf":{"@id":"https:\/\/kaevandusmuuseum.ee\/en\/#website"},"datePublished":"2020-11-18T11:23:30+00:00","dateModified":"2025-02-21T07:45:39+00:00","description":"Vaba aja v\u00f5imalused kaevandusmuuseumis. K\u00fclastajatele on tasuta kasutamiseks rulluisurada, rulapark, j\u00f5uv\u00e4ljak, discgolfi rada ja matkarajad","breadcrumb":{"@id":"https:\/\/kaevandusmuuseum.ee\/en\/experiences\/leisure-activities\/#breadcrumb"},"inLanguage":"en-US","potentialAction":[{"@type":"ReadAction","target":["https:\/\/kaevandusmuuseum.ee\/en\/experiences\/leisure-activities\/"]}]},{"@type":"BreadcrumbList","@id":"https:\/\/kaevandusmuuseum.ee\/en\/experiences\/leisure-activities\/#breadcrumb","itemListElement":[{"@type":"ListItem","position":1,"name":"Home","item":"https:\/\/kaevandusmuuseum.ee\/en\/"},{"@type":"ListItem","position":2,"name":"Experiences","item":"https:\/\/kaevandusmuuseum.ee\/en\/experiences\/"},{"@type":"ListItem","position":3,"name":"Leisure activities"}]},{"@type":"WebSite","@id":"https:\/\/kaevandusmuuseum.ee\/en\/#website","url":"https:\/\/kaevandusmuuseum.ee\/en\/","name":"Eesti kaevandusmuuseum","description":"Broneerimiskeskkond","potentialAction":[{"@type":"SearchAction","target":{"@type":"EntryPoint","urlTemplate":"https:\/\/kaevandusmuuseum.ee\/en\/?s={search_term_string}"},"query-input":{"@type":"PropertyValueSpecification","valueRequired":true,"valueName":"search_term_string"}}],"inLanguage":"en-US"}]}},"_links":{"self":[{"href":"https:\/\/kaevandusmuuseum.ee\/en\/wp-json\/wp\/v2\/pages\/21809","targetHints":{"allow":["GET"]}}],"collection":[{"href":"https:\/\/kaevandusmuuseum.ee\/en\/wp-json\/wp\/v2\/pages"}],"about":[{"href":"https:\/\/kaevandusmuuseum.ee\/en\/wp-json\/wp\/v2\/types\/page"}],"author":[{"embeddable":true,"href":"https:\/\/kaevandusmuuseum.ee\/en\/wp-json\/wp\/v2\/users\/128"}],"replies":[{"embeddable":true,"href":"https:\/\/kaevandusmuuseum.ee\/en\/wp-json\/wp\/v2\/comments?post=21809"}],"version-history":[{"count":10,"href":"https:\/\/kaevandusmuuseum.ee\/en\/wp-json\/wp\/v2\/pages\/21809\/revisions"}],"predecessor-version":[{"id":27545,"href":"https:\/\/kaevandusmuuseum.ee\/en\/wp-json\/wp\/v2\/pages\/21809\/revisions\/27545"}],"up":[{"embeddable":true,"href":"https:\/\/kaevandusmuuseum.ee\/en\/wp-json\/wp\/v2\/pages\/21524"}],"wp:attachment":[{"href":"https:\/\/kaevandusmuuseum.ee\/en\/wp-json\/wp\/v2\/media?parent=21809"}],"curies":[{"name":"wp","href":"https:\/\/api.w.org\/{rel}","templated":true}]}}